{"id":20890,"date":"2025-05-12T13:48:19","date_gmt":"2025-05-12T13:48:19","guid":{"rendered":"https:\/\/gradhoc.com\/?page_id=20890"},"modified":"2025-05-22T11:08:07","modified_gmt":"2025-05-22T11:08:07","slug":"solicitar-demo","status":"publish","type":"page","link":"https:\/\/gradhoc.com\/es\/solicitar-demo\/","title":{"rendered":"Solicitar demo"},"content":{"rendered":"\t\t<div data-elementor-type=\"wp-page\" data-elementor-id=\"20890\" class=\"elementor elementor-20890 elementor-20809\" data-elementor-post-type=\"page\">\n\t\t\t\t\t\t<section class=\"elementor-section elementor-top-section elementor-element elementor-element-04a2fee elementor-section-height-min-height elementor-section-boxed elementor-section-height-default elementor-section-items-middle\" data-id=\"04a2fee\" data-element_type=\"section\" data-settings=\"{&quot;jet_parallax_layout_list&quot;:[{&quot;jet_parallax_layout_image&quot;:{&quot;url&quot;:&quot;&quot;,&quot;id&quot;:&quot;&quot;,&quot;size&quot;:&quot;&quot;},&quot;_id&quot;:&quot;60b281c&quot;,&quot;jet_parallax_layout_image_tablet&quot;:{&quot;url&quot;:&quot;&quot;,&quot;id&quot;:&quot;&quot;,&quot;size&quot;:&quot;&quot;},&quot;jet_parallax_layout_image_mobile&quot;:{&quot;url&quot;:&quot;&quot;,&quot;id&quot;:&quot;&quot;,&quot;size&quot;:&quot;&quot;},&quot;jet_parallax_layout_speed&quot;:{&quot;unit&quot;:&quot;%&quot;,&quot;size&quot;:50,&quot;sizes&quot;:[]},&quot;jet_parallax_layout_type&quot;:&quot;scroll&quot;,&quot;jet_parallax_layout_direction&quot;:null,&quot;jet_parallax_layout_fx_direction&quot;:null,&quot;jet_parallax_layout_z_index&quot;:&quot;&quot;,&quot;jet_parallax_layout_bg_x&quot;:50,&quot;jet_parallax_layout_bg_x_tablet&quot;:&quot;&quot;,&quot;jet_parallax_layout_bg_x_mobile&quot;:&quot;&quot;,&quot;jet_parallax_layout_bg_y&quot;:50,&quot;jet_parallax_layout_bg_y_tablet&quot;:&quot;&quot;,&quot;jet_parallax_layout_bg_y_mobile&quot;:&quot;&quot;,&quot;jet_parallax_layout_bg_size&quot;:&quot;auto&quot;,&quot;jet_parallax_layout_bg_size_tablet&quot;:&quot;&quot;,&quot;jet_parallax_layout_bg_size_mobile&quot;:&quot;&quot;,&quot;jet_parallax_layout_animation_prop&quot;:&quot;transform&quot;,&quot;jet_parallax_layout_on&quot;:[&quot;desktop&quot;,&quot;tablet&quot;]}],&quot;background_background&quot;:&quot;classic&quot;,&quot;_ha_eqh_enable&quot;:false}\" data-section=\"section-6\">\n\t\t\t\t\t\t<div class=\"elementor-container elementor-column-gap-default\">\n\t\t\t\t\t<div class=\"elementor-column elementor-col-50 elementor-top-column elementor-element elementor-element-038e305\" data-id=\"038e305\" data-element_type=\"column\">\n\t\t\t<div class=\"elementor-widget-wrap elementor-element-populated\">\n\t\t\t\t\t\t<div class=\"elementor-element elementor-element-8e3b291 elementor-widget elementor-widget-text-editor\" data-id=\"8e3b291\" data-element_type=\"widget\" data-widget_type=\"text-editor.default\">\n\t\t\t\t<div class=\"elementor-widget-container\">\n\t\t\t\t\t\t\t<p>Gradhoc<\/p>\t\t\t\t\t\t<\/div>\n\t\t\t\t<\/div>\n\t\t\t\t<div class=\"elementor-element elementor-element-7b01a3e elementor-widget elementor-widget-text-editor\" data-id=\"7b01a3e\" data-element_type=\"widget\" data-widget_type=\"text-editor.default\">\n\t\t\t\t<div class=\"elementor-widget-container\">\n\t\t\t\t\t\t\t<p>Solicita una demo<\/p>\t\t\t\t\t\t<\/div>\n\t\t\t\t<\/div>\n\t\t\t\t<div class=\"elementor-element elementor-element-58c1035 elementor-widget elementor-widget-text-editor\" data-id=\"58c1035\" data-element_type=\"widget\" data-widget_type=\"text-editor.default\">\n\t\t\t\t<div class=\"elementor-widget-container\">\n\t\t\t\t\t\t\t<p>Descubre c\u00f3mo Gradhoc puede transformar tu negocio<\/p>\t\t\t\t\t\t<\/div>\n\t\t\t\t<\/div>\n\t\t\t\t\t<\/div>\n\t\t<\/div>\n\t\t\t\t<div class=\"elementor-column elementor-col-50 elementor-top-column elementor-element elementor-element-147b0e6 elementor-hidden-phone\" data-id=\"147b0e6\" data-element_type=\"column\">\n\t\t\t<div class=\"elementor-widget-wrap\">\n\t\t\t\t\t\t\t<\/div>\n\t\t<\/div>\n\t\t\t\t\t<\/div>\n\t\t<\/section>\n\t\t\t\t<section class=\"elementor-section elementor-top-section elementor-element elementor-element-101f87f elementor-section-boxed elementor-section-height-default elementor-section-height-default\" data-id=\"101f87f\" data-element_type=\"section\" data-settings=\"{&quot;jet_parallax_layout_list&quot;:[{&quot;jet_parallax_layout_image&quot;:{&quot;url&quot;:&quot;&quot;,&quot;id&quot;:&quot;&quot;,&quot;size&quot;:&quot;&quot;},&quot;_id&quot;:&quot;3ec0ff1&quot;,&quot;jet_parallax_layout_image_tablet&quot;:{&quot;url&quot;:&quot;&quot;,&quot;id&quot;:&quot;&quot;,&quot;size&quot;:&quot;&quot;},&quot;jet_parallax_layout_image_mobile&quot;:{&quot;url&quot;:&quot;&quot;,&quot;id&quot;:&quot;&quot;,&quot;size&quot;:&quot;&quot;},&quot;jet_parallax_layout_speed&quot;:{&quot;unit&quot;:&quot;%&quot;,&quot;size&quot;:50,&quot;sizes&quot;:[]},&quot;jet_parallax_layout_type&quot;:&quot;scroll&quot;,&quot;jet_parallax_layout_direction&quot;:null,&quot;jet_parallax_layout_fx_direction&quot;:null,&quot;jet_parallax_layout_z_index&quot;:&quot;&quot;,&quot;jet_parallax_layout_bg_x&quot;:50,&quot;jet_parallax_layout_bg_x_tablet&quot;:&quot;&quot;,&quot;jet_parallax_layout_bg_x_mobile&quot;:&quot;&quot;,&quot;jet_parallax_layout_bg_y&quot;:50,&quot;jet_parallax_layout_bg_y_tablet&quot;:&quot;&quot;,&quot;jet_parallax_layout_bg_y_mobile&quot;:&quot;&quot;,&quot;jet_parallax_layout_bg_size&quot;:&quot;auto&quot;,&quot;jet_parallax_layout_bg_size_tablet&quot;:&quot;&quot;,&quot;jet_parallax_layout_bg_size_mobile&quot;:&quot;&quot;,&quot;jet_parallax_layout_animation_prop&quot;:&quot;transform&quot;,&quot;jet_parallax_layout_on&quot;:[&quot;desktop&quot;,&quot;tablet&quot;]}],&quot;_ha_eqh_enable&quot;:false}\" data-section=\"section-2\">\n\t\t\t\t\t\t<div class=\"elementor-container elementor-column-gap-default\">\n\t\t\t\t\t<div class=\"elementor-column elementor-col-33 elementor-top-column elementor-element elementor-element-05f4085\" data-id=\"05f4085\" data-element_type=\"column\">\n\t\t\t<div class=\"elementor-widget-wrap elementor-element-populated\">\n\t\t\t\t\t\t<div class=\"elementor-element elementor-element-581cdfa elementor-widget elementor-widget-text-editor\" data-id=\"581cdfa\" data-element_type=\"widget\" data-widget_type=\"text-editor.default\">\n\t\t\t\t<div class=\"elementor-widget-container\">\n\t\t\t\t\t\t\t<p style=\"text-align: justify;\">Solicita una demo personalizada y comprueba c\u00f3mo nuestra tecnolog\u00eda inteligente te ayuda a reducir costes, mejorar el rendimiento y anticiparte a los problemas.<\/p>\t\t\t\t\t\t<\/div>\n\t\t\t\t<\/div>\n\t\t\t\t<div class=\"elementor-element elementor-element-41b95c0 elementor-hidden-mobile elementor-widget elementor-widget-text-editor\" data-id=\"41b95c0\" data-element_type=\"widget\" data-widget_type=\"text-editor.default\">\n\t\t\t\t<div class=\"elementor-widget-container\">\n\t\t\t\t\t\t\t<p>\u00bfQu\u00e9 puedes esperar de la demo?<\/p>\t\t\t\t\t\t<\/div>\n\t\t\t\t<\/div>\n\t\t\t\t<div class=\"elementor-element elementor-element-8b6d3dd elementor-hidden-mobile elementor-widget elementor-widget-text-editor\" data-id=\"8b6d3dd\" data-element_type=\"widget\" data-widget_type=\"text-editor.default\">\n\t\t\t\t<div class=\"elementor-widget-container\">\n\t\t\t\t\t\t\t<ul><li>Una propuesta personalizada basada en tus necesidades y objetivos.<\/li><li>Un recorrido pr\u00e1ctico por la plataforma Gradhoc.<\/li><li>Casos de uso aplicados a tu sector.<\/li><li>Resoluci\u00f3n de dudas con nuestro equipo experto.<\/li><li>Evaluaci\u00f3n inicial del potencial de ahorro energ\u00e9tico y mejora operativa.<\/li><\/ul>\t\t\t\t\t\t<\/div>\n\t\t\t\t<\/div>\n\t\t\t\t<div class=\"elementor-element elementor-element-f9d91f4 elementor-hidden-mobile elementor-widget elementor-widget-text-editor\" data-id=\"f9d91f4\" data-element_type=\"widget\" data-widget_type=\"text-editor.default\">\n\t\t\t\t<div class=\"elementor-widget-container\">\n\t\t\t\t\t\t\t<p>\u00bfA qui\u00e9n va dirigido?<\/p>\t\t\t\t\t\t<\/div>\n\t\t\t\t<\/div>\n\t\t\t\t<div class=\"elementor-element elementor-element-78298be elementor-hidden-mobile elementor-widget elementor-widget-text-editor\" data-id=\"78298be\" data-element_type=\"widget\" data-widget_type=\"text-editor.default\">\n\t\t\t\t<div class=\"elementor-widget-container\">\n\t\t\t\t\t\t\t<p>Esta demo est\u00e1 pensada para:<\/p><ul><li data-start=\"1527\" data-end=\"1572\">Directores\/as generales o consejeros\/as delegados\/as.<\/li><li data-start=\"1527\" data-end=\"1572\">Responsables de mantenimiento y operaciones.<\/li><li data-start=\"1527\" data-end=\"1572\">Directores\/as de planta o producci\u00f3n.<\/li><li data-start=\"1527\" data-end=\"1572\">Responsables de calidad y seguridad alimentaria.<\/li><li data-start=\"1527\" data-end=\"1572\">Directores\/as de sostenibilidad.<\/li><li>Directores\/as de TI.<\/li><li>Cualquier empresa que gestione sistemas de refrigeraci\u00f3n cr\u00edticos.<\/li><\/ul>\t\t\t\t\t\t<\/div>\n\t\t\t\t<\/div>\n\t\t\t\t<div class=\"elementor-element elementor-element-e9cfa1c elementor-hidden-mobile elementor-widget elementor-widget-text-editor\" data-id=\"e9cfa1c\" data-element_type=\"widget\" data-widget_type=\"text-editor.default\">\n\t\t\t\t<div class=\"elementor-widget-container\">\n\t\t\t\t\t\t\t<p>Gradhoc | Smart Refrigeration, Cooler Future<\/p>\t\t\t\t\t\t<\/div>\n\t\t\t\t<\/div>\n\t\t\t\t<div class=\"elementor-element elementor-element-0decdb1 elementor-hidden-mobile elementor-widget elementor-widget-text-editor\" data-id=\"0decdb1\" data-element_type=\"widget\" data-widget_type=\"text-editor.default\">\n\t\t\t\t<div class=\"elementor-widget-container\">\n\t\t\t\t\t\t\t<p style=\"text-align: justify;\">Tecnolog\u00eda desarrollada por expertos en refrigeraci\u00f3n industrial y digitalizaci\u00f3n.\u00a0M\u00e1s de 40 a\u00f1os de experiencia avalan nuestra innovaci\u00f3n.<\/p>\t\t\t\t\t\t<\/div>\n\t\t\t\t<\/div>\n\t\t\t\t\t<\/div>\n\t\t<\/div>\n\t\t\t\t<div class=\"elementor-column elementor-col-33 elementor-top-column elementor-element elementor-element-89ee817\" data-id=\"89ee817\" data-element_type=\"column\">\n\t\t\t<div class=\"elementor-widget-wrap\">\n\t\t\t\t\t\t\t<\/div>\n\t\t<\/div>\n\t\t\t\t<div class=\"elementor-column elementor-col-33 elementor-top-column elementor-element elementor-element-45ef24f\" data-id=\"45ef24f\" data-element_type=\"column\">\n\t\t\t<div class=\"elementor-widget-wrap elementor-element-populated\">\n\t\t\t\t\t\t<div class=\"elementor-element elementor-element-be2361c elementor-widget elementor-widget-html\" data-id=\"be2361c\" data-element_type=\"widget\" data-widget_type=\"html.default\">\n\t\t\t\t<div class=\"elementor-widget-container\">\n\t\t\t\n \n    <span class=\"yellow-color1 width-100\">Completa el formulario y contactaremos contigo a la mayor brevedad posible <\/span>\n\t\t<\/div>\n\t\t\t\t<\/div>\n\t\t\t\t<div class=\"elementor-element elementor-element-fc5fcea elementor-widget elementor-widget-html\" data-id=\"fc5fcea\" data-element_type=\"widget\" data-widget_type=\"html.default\">\n\t\t\t\t<div class=\"elementor-widget-container\">\n\t\t\t<iframe aria-label='Solicitud demo Gradhoc' frameborder=\"0\" style=\"height:1290px;width:99%;border:none;\" src='https:\/\/forms.zohopublic.eu\/cofrico\/form\/RequestDemoGradhoc\/formperma\/rW-jCYb4FqpvBXrHNqCl2Ka8GaRjNlRhDyRMW8dtmfU'><\/iframe>\t\t<\/div>\n\t\t\t\t<\/div>\n\t\t\t\t\t<\/div>\n\t\t<\/div>\n\t\t\t\t\t<\/div>\n\t\t<\/section>\n\t\t\t\t<section class=\"elementor-section elementor-top-section elementor-element elementor-element-7b0f3e6 elementor-section-full_width elementor-section-height-min-height elementor-section-stretched elementor-section-height-default elementor-section-items-middle\" data-id=\"7b0f3e6\" data-element_type=\"section\" data-settings=\"{&quot;stretch_section&quot;:&quot;section-stretched&quot;,&quot;jet_parallax_layout_list&quot;:[{&quot;jet_parallax_layout_image&quot;:{&quot;url&quot;:&quot;&quot;,&quot;id&quot;:&quot;&quot;,&quot;size&quot;:&quot;&quot;},&quot;_id&quot;:&quot;83c9f07&quot;,&quot;jet_parallax_layout_image_tablet&quot;:{&quot;url&quot;:&quot;&quot;,&quot;id&quot;:&quot;&quot;,&quot;size&quot;:&quot;&quot;},&quot;jet_parallax_layout_image_mobile&quot;:{&quot;url&quot;:&quot;&quot;,&quot;id&quot;:&quot;&quot;,&quot;size&quot;:&quot;&quot;},&quot;jet_parallax_layout_speed&quot;:{&quot;unit&quot;:&quot;%&quot;,&quot;size&quot;:50,&quot;sizes&quot;:[]},&quot;jet_parallax_layout_type&quot;:&quot;scroll&quot;,&quot;jet_parallax_layout_direction&quot;:null,&quot;jet_parallax_layout_fx_direction&quot;:null,&quot;jet_parallax_layout_z_index&quot;:&quot;&quot;,&quot;jet_parallax_layout_bg_x&quot;:50,&quot;jet_parallax_layout_bg_x_tablet&quot;:&quot;&quot;,&quot;jet_parallax_layout_bg_x_mobile&quot;:&quot;&quot;,&quot;jet_parallax_layout_bg_y&quot;:50,&quot;jet_parallax_layout_bg_y_tablet&quot;:&quot;&quot;,&quot;jet_parallax_layout_bg_y_mobile&quot;:&quot;&quot;,&quot;jet_parallax_layout_bg_size&quot;:&quot;auto&quot;,&quot;jet_parallax_layout_bg_size_tablet&quot;:&quot;&quot;,&quot;jet_parallax_layout_bg_size_mobile&quot;:&quot;&quot;,&quot;jet_parallax_layout_animation_prop&quot;:&quot;transform&quot;,&quot;jet_parallax_layout_on&quot;:[&quot;desktop&quot;,&quot;tablet&quot;]}],&quot;background_background&quot;:&quot;classic&quot;,&quot;_ha_eqh_enable&quot;:false}\">\n\t\t\t\t\t\t<div class=\"elementor-container elementor-column-gap-default\">\n\t\t\t\t\t<div class=\"elementor-column elementor-col-100 elementor-top-column elementor-element elementor-element-1bf1196\" data-id=\"1bf1196\" data-element_type=\"column\" data-settings=\"{&quot;background_background&quot;:&quot;classic&quot;}\">\n\t\t\t<div class=\"elementor-widget-wrap elementor-element-populated\">\n\t\t\t\t\t\t<div class=\"elementor-element elementor-element-20ab3fd elementor-widget elementor-widget-spacer\" data-id=\"20ab3fd\" data-element_type=\"widget\" data-widget_type=\"spacer.default\">\n\t\t\t\t<div class=\"elementor-widget-container\">\n\t\t\t\t\t<div class=\"elementor-spacer\">\n\t\t\t<div class=\"elementor-spacer-inner\"><\/div>\n\t\t<\/div>\n\t\t\t\t<\/div>\n\t\t\t\t<\/div>\n\t\t\t\t\t<\/div>\n\t\t<\/div>\n\t\t\t\t\t<\/div>\n\t\t<\/section>\n\t\t\t\t<section class=\"elementor-section elementor-top-section elementor-element elementor-element-b0abd8b elementor-section-boxed elementor-section-height-default elementor-section-height-default\" data-id=\"b0abd8b\" data-element_type=\"section\" data-settings=\"{&quot;jet_parallax_layout_list&quot;:[],&quot;_ha_eqh_enable&quot;:false}\">\n\t\t\t\t\t\t<div class=\"elementor-container elementor-column-gap-default\">\n\t\t\t\t\t<div class=\"elementor-column elementor-col-100 elementor-top-column elementor-element elementor-element-1cdd969\" data-id=\"1cdd969\" data-element_type=\"column\">\n\t\t\t<div class=\"elementor-widget-wrap\">\n\t\t\t\t\t\t\t<\/div>\n\t\t<\/div>\n\t\t\t\t\t<\/div>\n\t\t<\/section>\n\t\t\t\t<\/div>\n\t\t","protected":false},"excerpt":{"rendered":"<p>Gradhoc Solicita una demo Descubre c\u00f3mo Gradhoc puede transformar tu negocio Solicita una demo personalizada y comprueba c\u00f3mo nuestra tecnolog\u00eda inteligente te ayuda a reducir costes, mejorar el rendimiento y anticiparte a los problemas. \u00bfQu\u00e9 puedes esperar de la demo? &hellip; <a href=\"https:\/\/gradhoc.com\/es\/solicitar-demo\/\">Sigue leyendo <span class=\"meta-nav\">&rarr;<\/span><\/a><\/p>\n","protected":false},"author":3,"featured_media":8126,"parent":0,"menu_order":0,"comment_status":"closed","ping_status":"closed","template":"elementor_header_footer","meta":[],"acf":[],"yoast_head":"<!-- This site is optimized with the Yoast SEO Premium plugin v20.6 (Yoast SEO v20.6) - https:\/\/yoast.com\/wordpress\/plugins\/seo\/ -->\n<title>Solicitar demo<\/title>\n<meta name=\"robots\" content=\"noindex, nofollow\" \/>\n<meta property=\"og:locale\" content=\"es_ES\" \/>\n<meta property=\"og:type\" content=\"article\" \/>\n<meta property=\"og:title\" content=\"Solicitar demo\" \/>\n<meta property=\"og:description\" content=\"Gradhoc Solicita una demo Descubre c\u00f3mo Gradhoc puede transformar tu negocio Solicita una demo personalizada y comprueba c\u00f3mo nuestra tecnolog\u00eda inteligente te ayuda a reducir costes, mejorar el rendimiento y anticiparte a los problemas. \u00bfQu\u00e9 puedes esperar de la demo? &hellip; Sigue leyendo &rarr;\" \/>\n<meta property=\"og:url\" content=\"https:\/\/gradhoc.com\/request-demo\/\" \/>\n<meta property=\"og:site_name\" content=\"Gradhoc\" \/>\n<meta property=\"article:modified_time\" content=\"2025-05-22T11:08:07+00:00\" \/>\n<meta property=\"og:image\" content=\"https:\/\/gradhoc.com\/wp-content\/uploads\/2022\/06\/mapa_gestion_macro_instalaciones_1920.jpg\" \/>\n\t<meta property=\"og:image:width\" content=\"1920\" \/>\n\t<meta property=\"og:image:height\" content=\"1280\" \/>\n\t<meta property=\"og:image:type\" content=\"image\/jpeg\" \/>\n<meta name=\"twitter:card\" content=\"summary_large_image\" \/>\n<meta name=\"twitter:label1\" content=\"Tiempo de lectura\" \/>\n\t<meta name=\"twitter:data1\" content=\"1 minuto\" \/>\n<script type=\"application\/ld+json\" class=\"yoast-schema-graph\">{\"@context\":\"https:\/\/schema.org\",\"@graph\":[{\"@type\":\"WebPage\",\"@id\":\"https:\/\/gradhoc.com\/request-demo\/\",\"url\":\"https:\/\/gradhoc.com\/request-demo\/\",\"name\":\"Solicitar demo\",\"isPartOf\":{\"@id\":\"https:\/\/gradhoc.com\/#website\"},\"datePublished\":\"2025-05-12T13:48:19+00:00\",\"dateModified\":\"2025-05-22T11:08:07+00:00\",\"breadcrumb\":{\"@id\":\"https:\/\/gradhoc.com\/request-demo\/#breadcrumb\"},\"inLanguage\":\"es\",\"potentialAction\":[{\"@type\":\"ReadAction\",\"target\":[\"https:\/\/gradhoc.com\/request-demo\/\"]}]},{\"@type\":\"BreadcrumbList\",\"@id\":\"https:\/\/gradhoc.com\/request-demo\/#breadcrumb\",\"itemListElement\":[{\"@type\":\"ListItem\",\"position\":1,\"name\":\"Home\",\"item\":\"https:\/\/gradhoc.com\/es\/\"},{\"@type\":\"ListItem\",\"position\":2,\"name\":\"Solicitar demo\"}]},{\"@type\":\"WebSite\",\"@id\":\"https:\/\/gradhoc.com\/#website\",\"url\":\"https:\/\/gradhoc.com\/\",\"name\":\"Gradhoc\",\"description\":\"Artificial intelligence at the service of retail and the food industry\",\"publisher\":{\"@id\":\"https:\/\/gradhoc.com\/#organization\"},\"potentialAction\":[{\"@type\":\"SearchAction\",\"target\":{\"@type\":\"EntryPoint\",\"urlTemplate\":\"https:\/\/gradhoc.com\/?s={search_term_string}\"},\"query-input\":\"required name=search_term_string\"}],\"inLanguage\":\"es\"},{\"@type\":\"Organization\",\"@id\":\"https:\/\/gradhoc.com\/#organization\",\"name\":\"Gradhoc\",\"url\":\"https:\/\/gradhoc.com\/\",\"logo\":{\"@type\":\"ImageObject\",\"inLanguage\":\"es\",\"@id\":\"https:\/\/gradhoc.com\/#\/schema\/logo\/image\/\",\"url\":\"https:\/\/gradhoc.com\/wp-content\/uploads\/2022\/03\/section2.png\",\"contentUrl\":\"https:\/\/gradhoc.com\/wp-content\/uploads\/2022\/03\/section2.png\",\"width\":127,\"height\":36,\"caption\":\"Gradhoc\"},\"image\":{\"@id\":\"https:\/\/gradhoc.com\/#\/schema\/logo\/image\/\"}}]}<\/script>\n<!-- \/ Yoast SEO Premium plugin. -->","yoast_head_json":{"title":"Solicitar demo","robots":{"index":"noindex","follow":"nofollow"},"og_locale":"es_ES","og_type":"article","og_title":"Solicitar demo","og_description":"Gradhoc Solicita una demo Descubre c\u00f3mo Gradhoc puede transformar tu negocio Solicita una demo personalizada y comprueba c\u00f3mo nuestra tecnolog\u00eda inteligente te ayuda a reducir costes, mejorar el rendimiento y anticiparte a los problemas. \u00bfQu\u00e9 puedes esperar de la demo? &hellip; Sigue leyendo &rarr;","og_url":"https:\/\/gradhoc.com\/request-demo\/","og_site_name":"Gradhoc","article_modified_time":"2025-05-22T11:08:07+00:00","og_image":[{"width":1920,"height":1280,"url":"https:\/\/gradhoc.com\/wp-content\/uploads\/2022\/06\/mapa_gestion_macro_instalaciones_1920.jpg","type":"image\/jpeg"}],"twitter_card":"summary_large_image","twitter_misc":{"Tiempo de lectura":"1 minuto"},"schema":{"@context":"https:\/\/schema.org","@graph":[{"@type":"WebPage","@id":"https:\/\/gradhoc.com\/request-demo\/","url":"https:\/\/gradhoc.com\/request-demo\/","name":"Solicitar demo","isPartOf":{"@id":"https:\/\/gradhoc.com\/#website"},"datePublished":"2025-05-12T13:48:19+00:00","dateModified":"2025-05-22T11:08:07+00:00","breadcrumb":{"@id":"https:\/\/gradhoc.com\/request-demo\/#breadcrumb"},"inLanguage":"es","potentialAction":[{"@type":"ReadAction","target":["https:\/\/gradhoc.com\/request-demo\/"]}]},{"@type":"BreadcrumbList","@id":"https:\/\/gradhoc.com\/request-demo\/#breadcrumb","itemListElement":[{"@type":"ListItem","position":1,"name":"Home","item":"https:\/\/gradhoc.com\/es\/"},{"@type":"ListItem","position":2,"name":"Solicitar demo"}]},{"@type":"WebSite","@id":"https:\/\/gradhoc.com\/#website","url":"https:\/\/gradhoc.com\/","name":"Gradhoc","description":"Artificial intelligence at the service of retail and the food industry","publisher":{"@id":"https:\/\/gradhoc.com\/#organization"},"potentialAction":[{"@type":"SearchAction","target":{"@type":"EntryPoint","urlTemplate":"https:\/\/gradhoc.com\/?s={search_term_string}"},"query-input":"required name=search_term_string"}],"inLanguage":"es"},{"@type":"Organization","@id":"https:\/\/gradhoc.com\/#organization","name":"Gradhoc","url":"https:\/\/gradhoc.com\/","logo":{"@type":"ImageObject","inLanguage":"es","@id":"https:\/\/gradhoc.com\/#\/schema\/logo\/image\/","url":"https:\/\/gradhoc.com\/wp-content\/uploads\/2022\/03\/section2.png","contentUrl":"https:\/\/gradhoc.com\/wp-content\/uploads\/2022\/03\/section2.png","width":127,"height":36,"caption":"Gradhoc"},"image":{"@id":"https:\/\/gradhoc.com\/#\/schema\/logo\/image\/"}}]}},"_links":{"self":[{"href":"https:\/\/gradhoc.com\/es\/wp-json\/wp\/v2\/pages\/20890"}],"collection":[{"href":"https:\/\/gradhoc.com\/es\/wp-json\/wp\/v2\/pages"}],"about":[{"href":"https:\/\/gradhoc.com\/es\/wp-json\/wp\/v2\/types\/page"}],"author":[{"embeddable":true,"href":"https:\/\/gradhoc.com\/es\/wp-json\/wp\/v2\/users\/3"}],"replies":[{"embeddable":true,"href":"https:\/\/gradhoc.com\/es\/wp-json\/wp\/v2\/comments?post=20890"}],"version-history":[{"count":70,"href":"https:\/\/gradhoc.com\/es\/wp-json\/wp\/v2\/pages\/20890\/revisions"}],"predecessor-version":[{"id":21424,"href":"https:\/\/gradhoc.com\/es\/wp-json\/wp\/v2\/pages\/20890\/revisions\/21424"}],"wp:featuredmedia":[{"embeddable":true,"href":"https:\/\/gradhoc.com\/es\/wp-json\/wp\/v2\/media\/8126"}],"wp:attachment":[{"href":"https:\/\/gradhoc.com\/es\/wp-json\/wp\/v2\/media?parent=20890"}],"curies":[{"name":"wp","href":"https:\/\/api.w.org\/{rel}","templated":true}]}}