{"id":22286,"date":"2026-02-11T16:10:39","date_gmt":"2026-02-11T16:10:39","guid":{"rendered":"https:\/\/gradhoc.com\/?page_id=22286"},"modified":"2026-02-24T12:05:36","modified_gmt":"2026-02-24T12:05:36","slug":"politica-de-seguridad-global","status":"publish","type":"page","link":"https:\/\/gradhoc.com\/es\/politica-de-seguridad-global\/","title":{"rendered":"Pol\u00edtica de Seguridad Global"},"content":{"rendered":"\t\t<div data-elementor-type=\"wp-page\" data-elementor-id=\"22286\" class=\"elementor elementor-22286 elementor-22280\" data-elementor-post-type=\"page\">\n\t\t\t\t\t\t<section class=\"elementor-section elementor-top-section elementor-element elementor-element-1de1be9 elementor-section-boxed elementor-section-height-default elementor-section-height-default\" data-id=\"1de1be9\" data-element_type=\"section\" data-settings=\"{&quot;jet_parallax_layout_list&quot;:[{&quot;jet_parallax_layout_image&quot;:{&quot;url&quot;:&quot;&quot;,&quot;id&quot;:&quot;&quot;,&quot;size&quot;:&quot;&quot;},&quot;_id&quot;:&quot;6219888&quot;,&quot;jet_parallax_layout_image_tablet&quot;:{&quot;url&quot;:&quot;&quot;,&quot;id&quot;:&quot;&quot;,&quot;size&quot;:&quot;&quot;},&quot;jet_parallax_layout_image_mobile&quot;:{&quot;url&quot;:&quot;&quot;,&quot;id&quot;:&quot;&quot;,&quot;size&quot;:&quot;&quot;},&quot;jet_parallax_layout_speed&quot;:{&quot;unit&quot;:&quot;%&quot;,&quot;size&quot;:50,&quot;sizes&quot;:[]},&quot;jet_parallax_layout_type&quot;:&quot;scroll&quot;,&quot;jet_parallax_layout_direction&quot;:null,&quot;jet_parallax_layout_fx_direction&quot;:null,&quot;jet_parallax_layout_z_index&quot;:&quot;&quot;,&quot;jet_parallax_layout_bg_x&quot;:50,&quot;jet_parallax_layout_bg_x_tablet&quot;:&quot;&quot;,&quot;jet_parallax_layout_bg_x_mobile&quot;:&quot;&quot;,&quot;jet_parallax_layout_bg_y&quot;:50,&quot;jet_parallax_layout_bg_y_tablet&quot;:&quot;&quot;,&quot;jet_parallax_layout_bg_y_mobile&quot;:&quot;&quot;,&quot;jet_parallax_layout_bg_size&quot;:&quot;auto&quot;,&quot;jet_parallax_layout_bg_size_tablet&quot;:&quot;&quot;,&quot;jet_parallax_layout_bg_size_mobile&quot;:&quot;&quot;,&quot;jet_parallax_layout_animation_prop&quot;:&quot;transform&quot;,&quot;jet_parallax_layout_on&quot;:[&quot;desktop&quot;,&quot;tablet&quot;]}],&quot;_ha_eqh_enable&quot;:false}\">\n\t\t\t\t\t\t<div class=\"elementor-container elementor-column-gap-default\">\n\t\t\t\t\t<div class=\"elementor-column elementor-col-100 elementor-top-column elementor-element elementor-element-5b98ee8\" data-id=\"5b98ee8\" data-element_type=\"column\">\n\t\t\t<div class=\"elementor-widget-wrap elementor-element-populated\">\n\t\t\t\t\t\t<div class=\"elementor-element elementor-element-1ba5428 elementor-widget elementor-widget-heading\" data-id=\"1ba5428\" data-element_type=\"widget\" data-widget_type=\"heading.default\">\n\t\t\t\t<div class=\"elementor-widget-container\">\n\t\t\t<h2 class=\"elementor-heading-title elementor-size-default\">POL\u00cdTICA DE SEGURIDAD GLOBAL<\/h2>\t\t<\/div>\n\t\t\t\t<\/div>\n\t\t\t\t<div class=\"elementor-element elementor-element-c5378e6 elementor-widget elementor-widget-heading\" data-id=\"c5378e6\" data-element_type=\"widget\" data-widget_type=\"heading.default\">\n\t\t\t\t<div class=\"elementor-widget-container\">\n\t\t\t<h2 class=\"elementor-heading-title elementor-size-default\">1. Introducci\u00f3n\n<\/h2>\t\t<\/div>\n\t\t\t\t<\/div>\n\t\t\t\t<div class=\"elementor-element elementor-element-06e13a2 elementor-widget elementor-widget-text-editor\" data-id=\"06e13a2\" data-element_type=\"widget\" data-widget_type=\"text-editor.default\">\n\t\t\t\t<div class=\"elementor-widget-container\">\n\t\t\t\t\t\t\t<p>Gradhoc es consciente de la importancia de proteger la informaci\u00f3n para el correcto desarrollo de su actividad y la confianza de los empleados, clientes, proveedores y dem\u00e1s partes interesadas. Por ello, la seguridad de la informaci\u00f3n se integra en los procesos de la organizaci\u00f3n mediante el establecimiento de un Sistema de Gesti\u00f3n de Seguridad de la Informaci\u00f3n, que se establece con esta Pol\u00edtica, y se desarrolla mediante pol\u00edticas, procedimientos y dem\u00e1s documentaci\u00f3n que sirve de apoyo para alcanzar los objetivos.<\/p>\t\t\t\t\t\t<\/div>\n\t\t\t\t<\/div>\n\t\t\t\t<div class=\"elementor-element elementor-element-1fbe8ee elementor-widget elementor-widget-heading\" data-id=\"1fbe8ee\" data-element_type=\"widget\" data-widget_type=\"heading.default\">\n\t\t\t\t<div class=\"elementor-widget-container\">\n\t\t\t<h2 class=\"elementor-heading-title elementor-size-default\">2. Objetivo\n<\/h2>\t\t<\/div>\n\t\t\t\t<\/div>\n\t\t\t\t<div class=\"elementor-element elementor-element-03d1ec9 elementor-widget__width-initial elementor-widget elementor-widget-text-editor\" data-id=\"03d1ec9\" data-element_type=\"widget\" data-widget_type=\"text-editor.default\">\n\t\t\t\t<div class=\"elementor-widget-container\">\n\t\t\t\t\t\t\t<p>El prop\u00f3sito de este documento es definir la Pol\u00edtica de Seguridad Global, estableciendo las directrices a seguir para proteger la informaci\u00f3n tratada por Gradhoc garantizando su confidencialidad, integridad y disponibilidad, de acuerdo con la ISO\/IEC 27001 y la legislaci\u00f3n vigente.<\/p><p>Todo el personal de Gradhoc, proveedores, empleados y Direcci\u00f3n deben conocer y cumplir con la presente pol\u00edtica.<\/p>\t\t\t\t\t\t<\/div>\n\t\t\t\t<\/div>\n\t\t\t\t<div class=\"elementor-element elementor-element-6c4aded elementor-widget elementor-widget-heading\" data-id=\"6c4aded\" data-element_type=\"widget\" data-widget_type=\"heading.default\">\n\t\t\t\t<div class=\"elementor-widget-container\">\n\t\t\t<h2 class=\"elementor-heading-title elementor-size-default\">3. Definiciones<\/h2>\t\t<\/div>\n\t\t\t\t<\/div>\n\t\t\t\t<div class=\"elementor-element elementor-element-e33e719 elementor-widget elementor-widget-text-editor\" data-id=\"e33e719\" data-element_type=\"widget\" data-widget_type=\"text-editor.default\">\n\t\t\t\t<div class=\"elementor-widget-container\">\n\t\t\t\t\t\t\t<p>La seguridad de la informaci\u00f3n se refiere a la protecci\u00f3n de la informaci\u00f3n en sus tres dimensiones principales:<\/p><ul><li><strong>Confidencialidad<\/strong>: garantizar que la informaci\u00f3n ser\u00e1 accesible s\u00f3lo por recursos autorizados.<\/li><li><strong>Integridad<\/strong>: garantizar que la misma ser\u00e1 modificada o destruida s\u00f3lo por actores autorizados.<\/li><li><strong>Disponibilidad<\/strong>: garantizar que la informaci\u00f3n estar\u00e1 disponible para su uso y acceso por los actores autorizados cuando lo soliciten.<\/li><\/ul>\t\t\t\t\t\t<\/div>\n\t\t\t\t<\/div>\n\t\t\t\t<div class=\"elementor-element elementor-element-16d8dab elementor-widget elementor-widget-heading\" data-id=\"16d8dab\" data-element_type=\"widget\" data-widget_type=\"heading.default\">\n\t\t\t\t<div class=\"elementor-widget-container\">\n\t\t\t<h2 class=\"elementor-heading-title elementor-size-default\">4. Alcance<\/h2>\t\t<\/div>\n\t\t\t\t<\/div>\n\t\t\t\t<div class=\"elementor-element elementor-element-73db125 elementor-widget elementor-widget-text-editor\" data-id=\"73db125\" data-element_type=\"widget\" data-widget_type=\"text-editor.default\">\n\t\t\t\t<div class=\"elementor-widget-container\">\n\t\t\t\t\t\t\t<p>Las medidas y directrices establecidas en este documento se aplican a los sistemas de informaci\u00f3n de Gradhoc y a todos aquellos que utilizan estos sistemas para interactuar con la informaci\u00f3n de la organizaci\u00f3n.<\/p>\t\t\t\t\t\t<\/div>\n\t\t\t\t<\/div>\n\t\t\t\t<div class=\"elementor-element elementor-element-dfadebd elementor-widget elementor-widget-heading\" data-id=\"dfadebd\" data-element_type=\"widget\" data-widget_type=\"heading.default\">\n\t\t\t\t<div class=\"elementor-widget-container\">\n\t\t\t<h2 class=\"elementor-heading-title elementor-size-default\">5. Declaraci\u00f3n de compromiso<\/h2>\t\t<\/div>\n\t\t\t\t<\/div>\n\t\t\t\t<div class=\"elementor-element elementor-element-d47e532 elementor-widget elementor-widget-text-editor\" data-id=\"d47e532\" data-element_type=\"widget\" data-widget_type=\"text-editor.default\">\n\t\t\t\t<div class=\"elementor-widget-container\">\n\t\t\t\t\t\t\t<p>En Gradhoc, la protecci\u00f3n de la informaci\u00f3n es un pilar fundamental para la operaci\u00f3n de la empresa y una responsabilidad compartida por toda la organizaci\u00f3n.<\/p><p>La Direcci\u00f3n de Gradhoc se compromete a:<\/p><ul><li><span data-olk-copy-source=\"MessageBody\">Promover el mantenimiento y la mejora continua\u00a0del Sistema de Gesti\u00f3n de Seguridad de la Informaci\u00f3n.<\/span><\/li><li>Proteger la confidencialidad, integridad y disponibilidad de toda la informaci\u00f3n que se gestiona, ya sea propia o de terceros.<\/li><li>Cumplir con las obligaciones legales y regulatorias aplicables en materia de seguridad de la informaci\u00f3n y protecci\u00f3n de datos.<\/li><li>Gestionar de forma proactiva los riesgos de seguridad de la informaci\u00f3n asociados a los activos y procesos de Gradhoc.<\/li><li>Fomentar una cultura de seguridad mediante la formaci\u00f3n y concienciaci\u00f3n continua de los empleados de Gradhoc.<\/li><\/ul>\t\t\t\t\t\t<\/div>\n\t\t\t\t<\/div>\n\t\t\t\t<div class=\"elementor-element elementor-element-25c60b9 elementor-widget elementor-widget-heading\" data-id=\"25c60b9\" data-element_type=\"widget\" data-widget_type=\"heading.default\">\n\t\t\t\t<div class=\"elementor-widget-container\">\n\t\t\t<h2 class=\"elementor-heading-title elementor-size-default\">6. Objectivos del SGSI<\/h2>\t\t<\/div>\n\t\t\t\t<\/div>\n\t\t\t\t<div class=\"elementor-element elementor-element-d564316 elementor-widget elementor-widget-text-editor\" data-id=\"d564316\" data-element_type=\"widget\" data-widget_type=\"text-editor.default\">\n\t\t\t\t<div class=\"elementor-widget-container\">\n\t\t\t\t\t\t\t<p>Con esta Pol\u00edtica y la implantaci\u00f3n del SGSI, Gradhoc persigue cumplir con los siguientes objetivos:<\/p><ul><li>Proteger los activos de informaci\u00f3n mediante controles que resulten m\u00e1s eficaces para preservar su confidencialidad, integridad y disponibilidad.<\/li><li>Asegurar que se realiza una gesti\u00f3n r\u00e1pida y efectiva de los incidentes de seguridad.<\/li><li>Formar a todo el personal de Gradhoc en materia de Seguridad de la Informaci\u00f3n y protecci\u00f3n de datos de car\u00e1cter personal.<\/li><li>Monitorizar mediante auditor\u00edas y revisiones la correcta definici\u00f3n e implantaci\u00f3n del SGSI para asegurar su correcto funcionamiento.<\/li><li>Aumentar la calidad y seguridad de los productos desarrollados y comercializados por Gradhoc.<\/li><li>Obtener la certificaci\u00f3n del esquema nacional de seguridad<\/li><\/ul>\t\t\t\t\t\t<\/div>\n\t\t\t\t<\/div>\n\t\t\t\t<div class=\"elementor-element elementor-element-94e3491 elementor-widget elementor-widget-heading\" data-id=\"94e3491\" data-element_type=\"widget\" data-widget_type=\"heading.default\">\n\t\t\t\t<div class=\"elementor-widget-container\">\n\t\t\t<h2 class=\"elementor-heading-title elementor-size-default\">7. Organizaci\u00f3n y responsabilidades<\/h2>\t\t<\/div>\n\t\t\t\t<\/div>\n\t\t\t\t<div class=\"elementor-element elementor-element-97e7693 elementor-widget elementor-widget-text-editor\" data-id=\"97e7693\" data-element_type=\"widget\" data-widget_type=\"text-editor.default\">\n\t\t\t\t<div class=\"elementor-widget-container\">\n\t\t\t\t\t\t\t<ul><li>Es responsabilidad de la Direcci\u00f3n de Gradhoc aprobar la presente pol\u00edtica.<\/li><li>El Comit\u00e9 de Seguridad de la Informaci\u00f3n es responsable de revisar la presente pol\u00edtica a intervalos regulares o cada vez que se lleve a cabo un cambio relevante para el SGSI.<\/li><li>El responsable de Seguridad de la Informaci\u00f3n de Gradhoc es responsable de mantener esta pol\u00edtica.<\/li><\/ul>\t\t\t\t\t\t<\/div>\n\t\t\t\t<\/div>\n\t\t\t\t<div class=\"elementor-element elementor-element-ec0d680 elementor-widget elementor-widget-heading\" data-id=\"ec0d680\" data-element_type=\"widget\" data-widget_type=\"heading.default\">\n\t\t\t\t<div class=\"elementor-widget-container\">\n\t\t\t<h2 class=\"elementor-heading-title elementor-size-default\">8. Vigencia<\/h2>\t\t<\/div>\n\t\t\t\t<\/div>\n\t\t\t\t<div class=\"elementor-element elementor-element-f9f0360 elementor-widget elementor-widget-text-editor\" data-id=\"f9f0360\" data-element_type=\"widget\" data-widget_type=\"text-editor.default\">\n\t\t\t\t<div class=\"elementor-widget-container\">\n\t\t\t\t\t\t\t<p>Esta Pol\u00edtica es efectiva desde su publicaci\u00f3n y se revisa a intervalos regulares por el Comit\u00e9 de Seguridad de la Informaci\u00f3n, m\u00ednimo anualmente.<\/p>\t\t\t\t\t\t<\/div>\n\t\t\t\t<\/div>\n\t\t\t\t\t<\/div>\n\t\t<\/div>\n\t\t\t\t\t<\/div>\n\t\t<\/section>\n\t\t\t\t<\/div>\n\t\t","protected":false},"excerpt":{"rendered":"<p>POL\u00cdTICA DE SEGURIDAD GLOBAL 1. Introducci\u00f3n Gradhoc es consciente de la importancia de proteger la informaci\u00f3n para el correcto desarrollo de su actividad y la confianza de los empleados, clientes, proveedores y dem\u00e1s partes interesadas. Por ello, la seguridad de &hellip; <a href=\"https:\/\/gradhoc.com\/es\/politica-de-seguridad-global\/\">Sigue leyendo <span class=\"meta-nav\">&rarr;<\/span><\/a><\/p>\n","protected":false},"author":3,"featured_media":0,"parent":0,"menu_order":0,"comment_status":"closed","ping_status":"closed","template":"","meta":[],"acf":[],"yoast_head":"<!-- This site is optimized with the Yoast SEO Premium plugin v20.6 (Yoast SEO v20.6) - https:\/\/yoast.com\/wordpress\/plugins\/seo\/ -->\n<title>Pol\u00edtica de Seguridad Global<\/title>\n<meta name=\"robots\" content=\"noindex, nofollow\" \/>\n<meta property=\"og:locale\" content=\"es_ES\" \/>\n<meta property=\"og:type\" content=\"article\" \/>\n<meta property=\"og:title\" content=\"Pol\u00edtica de Seguridad Global\" \/>\n<meta property=\"og:description\" content=\"POL\u00cdTICA DE SEGURIDAD GLOBAL 1. Introducci\u00f3n Gradhoc es consciente de la importancia de proteger la informaci\u00f3n para el correcto desarrollo de su actividad y la confianza de los empleados, clientes, proveedores y dem\u00e1s partes interesadas. Por ello, la seguridad de &hellip; Sigue leyendo &rarr;\" \/>\n<meta property=\"og:url\" content=\"https:\/\/gradhoc.com\/es\/politica-de-seguridad-global\/\" \/>\n<meta property=\"og:site_name\" content=\"Gradhoc\" \/>\n<meta property=\"article:modified_time\" content=\"2026-02-24T12:05:36+00:00\" \/>\n<meta name=\"twitter:card\" content=\"summary_large_image\" \/>\n<meta name=\"twitter:label1\" content=\"Tiempo de lectura\" \/>\n\t<meta name=\"twitter:data1\" content=\"3 minutos\" \/>\n<script type=\"application\/ld+json\" class=\"yoast-schema-graph\">{\"@context\":\"https:\/\/schema.org\",\"@graph\":[{\"@type\":\"WebPage\",\"@id\":\"https:\/\/gradhoc.com\/es\/politica-de-seguridad-global\/\",\"url\":\"https:\/\/gradhoc.com\/es\/politica-de-seguridad-global\/\",\"name\":\"Pol\u00edtica de Seguridad Global\",\"isPartOf\":{\"@id\":\"https:\/\/gradhoc.com\/#website\"},\"datePublished\":\"2026-02-11T16:10:39+00:00\",\"dateModified\":\"2026-02-24T12:05:36+00:00\",\"breadcrumb\":{\"@id\":\"https:\/\/gradhoc.com\/es\/politica-de-seguridad-global\/#breadcrumb\"},\"inLanguage\":\"es\",\"potentialAction\":[{\"@type\":\"ReadAction\",\"target\":[\"https:\/\/gradhoc.com\/es\/politica-de-seguridad-global\/\"]}]},{\"@type\":\"BreadcrumbList\",\"@id\":\"https:\/\/gradhoc.com\/es\/politica-de-seguridad-global\/#breadcrumb\",\"itemListElement\":[{\"@type\":\"ListItem\",\"position\":1,\"name\":\"Home\",\"item\":\"https:\/\/gradhoc.com\/es\/\"},{\"@type\":\"ListItem\",\"position\":2,\"name\":\"Pol\u00edtica de Seguridad Global\"}]},{\"@type\":\"WebSite\",\"@id\":\"https:\/\/gradhoc.com\/#website\",\"url\":\"https:\/\/gradhoc.com\/\",\"name\":\"Gradhoc\",\"description\":\"Artificial intelligence at the service of retail and the food industry\",\"publisher\":{\"@id\":\"https:\/\/gradhoc.com\/#organization\"},\"potentialAction\":[{\"@type\":\"SearchAction\",\"target\":{\"@type\":\"EntryPoint\",\"urlTemplate\":\"https:\/\/gradhoc.com\/?s={search_term_string}\"},\"query-input\":\"required name=search_term_string\"}],\"inLanguage\":\"es\"},{\"@type\":\"Organization\",\"@id\":\"https:\/\/gradhoc.com\/#organization\",\"name\":\"Gradhoc\",\"url\":\"https:\/\/gradhoc.com\/\",\"logo\":{\"@type\":\"ImageObject\",\"inLanguage\":\"es\",\"@id\":\"https:\/\/gradhoc.com\/#\/schema\/logo\/image\/\",\"url\":\"https:\/\/gradhoc.com\/wp-content\/uploads\/2022\/03\/section2.png\",\"contentUrl\":\"https:\/\/gradhoc.com\/wp-content\/uploads\/2022\/03\/section2.png\",\"width\":127,\"height\":36,\"caption\":\"Gradhoc\"},\"image\":{\"@id\":\"https:\/\/gradhoc.com\/#\/schema\/logo\/image\/\"}}]}<\/script>\n<!-- \/ Yoast SEO Premium plugin. -->","yoast_head_json":{"title":"Pol\u00edtica de Seguridad Global","robots":{"index":"noindex","follow":"nofollow"},"og_locale":"es_ES","og_type":"article","og_title":"Pol\u00edtica de Seguridad Global","og_description":"POL\u00cdTICA DE SEGURIDAD GLOBAL 1. Introducci\u00f3n Gradhoc es consciente de la importancia de proteger la informaci\u00f3n para el correcto desarrollo de su actividad y la confianza de los empleados, clientes, proveedores y dem\u00e1s partes interesadas. Por ello, la seguridad de &hellip; Sigue leyendo &rarr;","og_url":"https:\/\/gradhoc.com\/es\/politica-de-seguridad-global\/","og_site_name":"Gradhoc","article_modified_time":"2026-02-24T12:05:36+00:00","twitter_card":"summary_large_image","twitter_misc":{"Tiempo de lectura":"3 minutos"},"schema":{"@context":"https:\/\/schema.org","@graph":[{"@type":"WebPage","@id":"https:\/\/gradhoc.com\/es\/politica-de-seguridad-global\/","url":"https:\/\/gradhoc.com\/es\/politica-de-seguridad-global\/","name":"Pol\u00edtica de Seguridad Global","isPartOf":{"@id":"https:\/\/gradhoc.com\/#website"},"datePublished":"2026-02-11T16:10:39+00:00","dateModified":"2026-02-24T12:05:36+00:00","breadcrumb":{"@id":"https:\/\/gradhoc.com\/es\/politica-de-seguridad-global\/#breadcrumb"},"inLanguage":"es","potentialAction":[{"@type":"ReadAction","target":["https:\/\/gradhoc.com\/es\/politica-de-seguridad-global\/"]}]},{"@type":"BreadcrumbList","@id":"https:\/\/gradhoc.com\/es\/politica-de-seguridad-global\/#breadcrumb","itemListElement":[{"@type":"ListItem","position":1,"name":"Home","item":"https:\/\/gradhoc.com\/es\/"},{"@type":"ListItem","position":2,"name":"Pol\u00edtica de Seguridad Global"}]},{"@type":"WebSite","@id":"https:\/\/gradhoc.com\/#website","url":"https:\/\/gradhoc.com\/","name":"Gradhoc","description":"Artificial intelligence at the service of retail and the food industry","publisher":{"@id":"https:\/\/gradhoc.com\/#organization"},"potentialAction":[{"@type":"SearchAction","target":{"@type":"EntryPoint","urlTemplate":"https:\/\/gradhoc.com\/?s={search_term_string}"},"query-input":"required name=search_term_string"}],"inLanguage":"es"},{"@type":"Organization","@id":"https:\/\/gradhoc.com\/#organization","name":"Gradhoc","url":"https:\/\/gradhoc.com\/","logo":{"@type":"ImageObject","inLanguage":"es","@id":"https:\/\/gradhoc.com\/#\/schema\/logo\/image\/","url":"https:\/\/gradhoc.com\/wp-content\/uploads\/2022\/03\/section2.png","contentUrl":"https:\/\/gradhoc.com\/wp-content\/uploads\/2022\/03\/section2.png","width":127,"height":36,"caption":"Gradhoc"},"image":{"@id":"https:\/\/gradhoc.com\/#\/schema\/logo\/image\/"}}]}},"_links":{"self":[{"href":"https:\/\/gradhoc.com\/es\/wp-json\/wp\/v2\/pages\/22286"}],"collection":[{"href":"https:\/\/gradhoc.com\/es\/wp-json\/wp\/v2\/pages"}],"about":[{"href":"https:\/\/gradhoc.com\/es\/wp-json\/wp\/v2\/types\/page"}],"author":[{"embeddable":true,"href":"https:\/\/gradhoc.com\/es\/wp-json\/wp\/v2\/users\/3"}],"replies":[{"embeddable":true,"href":"https:\/\/gradhoc.com\/es\/wp-json\/wp\/v2\/comments?post=22286"}],"version-history":[{"count":7,"href":"https:\/\/gradhoc.com\/es\/wp-json\/wp\/v2\/pages\/22286\/revisions"}],"predecessor-version":[{"id":22304,"href":"https:\/\/gradhoc.com\/es\/wp-json\/wp\/v2\/pages\/22286\/revisions\/22304"}],"wp:attachment":[{"href":"https:\/\/gradhoc.com\/es\/wp-json\/wp\/v2\/media?parent=22286"}],"curies":[{"name":"wp","href":"https:\/\/api.w.org\/{rel}","templated":true}]}}