{"id":22737,"date":"2026-03-24T15:55:30","date_gmt":"2026-03-24T15:55:30","guid":{"rendered":"https:\/\/gradhoc.com\/?page_id=22737"},"modified":"2026-03-24T16:16:04","modified_gmt":"2026-03-24T16:16:04","slug":"solicitar-estudio","status":"publish","type":"page","link":"https:\/\/gradhoc.com\/es\/solicitar-estudio\/","title":{"rendered":"Solicitar estudio"},"content":{"rendered":"\t\t<div data-elementor-type=\"wp-page\" data-elementor-id=\"22737\" class=\"elementor elementor-22737\" data-elementor-post-type=\"page\">\n\t\t\t\t\t\t<section class=\"elementor-section elementor-top-section elementor-element elementor-element-04a2fee elementor-section-height-min-height elementor-section-boxed elementor-section-height-default elementor-section-items-middle\" data-id=\"04a2fee\" data-element_type=\"section\" data-settings=\"{&quot;jet_parallax_layout_list&quot;:[{&quot;jet_parallax_layout_image&quot;:{&quot;url&quot;:&quot;&quot;,&quot;id&quot;:&quot;&quot;,&quot;size&quot;:&quot;&quot;},&quot;_id&quot;:&quot;60b281c&quot;,&quot;jet_parallax_layout_image_tablet&quot;:{&quot;url&quot;:&quot;&quot;,&quot;id&quot;:&quot;&quot;,&quot;size&quot;:&quot;&quot;},&quot;jet_parallax_layout_image_mobile&quot;:{&quot;url&quot;:&quot;&quot;,&quot;id&quot;:&quot;&quot;,&quot;size&quot;:&quot;&quot;},&quot;jet_parallax_layout_speed&quot;:{&quot;unit&quot;:&quot;%&quot;,&quot;size&quot;:50,&quot;sizes&quot;:[]},&quot;jet_parallax_layout_type&quot;:&quot;scroll&quot;,&quot;jet_parallax_layout_direction&quot;:null,&quot;jet_parallax_layout_fx_direction&quot;:null,&quot;jet_parallax_layout_z_index&quot;:&quot;&quot;,&quot;jet_parallax_layout_bg_x&quot;:50,&quot;jet_parallax_layout_bg_x_tablet&quot;:&quot;&quot;,&quot;jet_parallax_layout_bg_x_mobile&quot;:&quot;&quot;,&quot;jet_parallax_layout_bg_y&quot;:50,&quot;jet_parallax_layout_bg_y_tablet&quot;:&quot;&quot;,&quot;jet_parallax_layout_bg_y_mobile&quot;:&quot;&quot;,&quot;jet_parallax_layout_bg_size&quot;:&quot;auto&quot;,&quot;jet_parallax_layout_bg_size_tablet&quot;:&quot;&quot;,&quot;jet_parallax_layout_bg_size_mobile&quot;:&quot;&quot;,&quot;jet_parallax_layout_animation_prop&quot;:&quot;transform&quot;,&quot;jet_parallax_layout_on&quot;:[&quot;desktop&quot;,&quot;tablet&quot;]}],&quot;background_background&quot;:&quot;classic&quot;,&quot;_ha_eqh_enable&quot;:false}\" data-section=\"section-6\">\n\t\t\t\t\t\t<div class=\"elementor-container elementor-column-gap-default\">\n\t\t\t\t\t<div class=\"elementor-column elementor-col-50 elementor-top-column elementor-element elementor-element-038e305\" data-id=\"038e305\" data-element_type=\"column\">\n\t\t\t<div class=\"elementor-widget-wrap elementor-element-populated\">\n\t\t\t\t\t\t<div class=\"elementor-element elementor-element-8e3b291 elementor-widget elementor-widget-text-editor\" data-id=\"8e3b291\" data-element_type=\"widget\" data-widget_type=\"text-editor.default\">\n\t\t\t\t<div class=\"elementor-widget-container\">\n\t\t\t\t\t\t\t<p>Gradhoc<\/p>\t\t\t\t\t\t<\/div>\n\t\t\t\t<\/div>\n\t\t\t\t<div class=\"elementor-element elementor-element-7b01a3e elementor-widget elementor-widget-text-editor\" data-id=\"7b01a3e\" data-element_type=\"widget\" data-widget_type=\"text-editor.default\">\n\t\t\t\t<div class=\"elementor-widget-container\">\n\t\t\t\t\t\t\t<p>Analiza el rendimiento de tu instalaci\u00f3n frigor\u00edfica<\/p>\t\t\t\t\t\t<\/div>\n\t\t\t\t<\/div>\n\t\t\t\t<div class=\"elementor-element elementor-element-58c1035 elementor-widget elementor-widget-text-editor\" data-id=\"58c1035\" data-element_type=\"widget\" data-widget_type=\"text-editor.default\">\n\t\t\t\t<div class=\"elementor-widget-container\">\n\t\t\t\t\t\t\t<p>Revisamos contigo el funcionamiento de tu instalaci\u00f3n para identificar posibles oportunidades de mejora en consumo energ\u00e9tico, control y mantenimiento.<\/p>\t\t\t\t\t\t<\/div>\n\t\t\t\t<\/div>\n\t\t\t\t\t<\/div>\n\t\t<\/div>\n\t\t\t\t<div class=\"elementor-column elementor-col-50 elementor-top-column elementor-element elementor-element-147b0e6 elementor-hidden-phone\" data-id=\"147b0e6\" data-element_type=\"column\">\n\t\t\t<div class=\"elementor-widget-wrap\">\n\t\t\t\t\t\t\t<\/div>\n\t\t<\/div>\n\t\t\t\t\t<\/div>\n\t\t<\/section>\n\t\t\t\t<section class=\"elementor-section elementor-top-section elementor-element elementor-element-101f87f elementor-section-boxed elementor-section-height-default elementor-section-height-default\" data-id=\"101f87f\" data-element_type=\"section\" data-settings=\"{&quot;jet_parallax_layout_list&quot;:[{&quot;jet_parallax_layout_image&quot;:{&quot;url&quot;:&quot;&quot;,&quot;id&quot;:&quot;&quot;,&quot;size&quot;:&quot;&quot;},&quot;_id&quot;:&quot;3ec0ff1&quot;,&quot;jet_parallax_layout_image_tablet&quot;:{&quot;url&quot;:&quot;&quot;,&quot;id&quot;:&quot;&quot;,&quot;size&quot;:&quot;&quot;},&quot;jet_parallax_layout_image_mobile&quot;:{&quot;url&quot;:&quot;&quot;,&quot;id&quot;:&quot;&quot;,&quot;size&quot;:&quot;&quot;},&quot;jet_parallax_layout_speed&quot;:{&quot;unit&quot;:&quot;%&quot;,&quot;size&quot;:50,&quot;sizes&quot;:[]},&quot;jet_parallax_layout_type&quot;:&quot;scroll&quot;,&quot;jet_parallax_layout_direction&quot;:null,&quot;jet_parallax_layout_fx_direction&quot;:null,&quot;jet_parallax_layout_z_index&quot;:&quot;&quot;,&quot;jet_parallax_layout_bg_x&quot;:50,&quot;jet_parallax_layout_bg_x_tablet&quot;:&quot;&quot;,&quot;jet_parallax_layout_bg_x_mobile&quot;:&quot;&quot;,&quot;jet_parallax_layout_bg_y&quot;:50,&quot;jet_parallax_layout_bg_y_tablet&quot;:&quot;&quot;,&quot;jet_parallax_layout_bg_y_mobile&quot;:&quot;&quot;,&quot;jet_parallax_layout_bg_size&quot;:&quot;auto&quot;,&quot;jet_parallax_layout_bg_size_tablet&quot;:&quot;&quot;,&quot;jet_parallax_layout_bg_size_mobile&quot;:&quot;&quot;,&quot;jet_parallax_layout_animation_prop&quot;:&quot;transform&quot;,&quot;jet_parallax_layout_on&quot;:[&quot;desktop&quot;,&quot;tablet&quot;]}],&quot;_ha_eqh_enable&quot;:false}\" data-section=\"section-2\">\n\t\t\t\t\t\t<div class=\"elementor-container elementor-column-gap-default\">\n\t\t\t\t\t<div class=\"elementor-column elementor-col-33 elementor-top-column elementor-element elementor-element-05f4085\" data-id=\"05f4085\" data-element_type=\"column\">\n\t\t\t<div class=\"elementor-widget-wrap elementor-element-populated\">\n\t\t\t\t\t\t<div class=\"elementor-element elementor-element-581cdfa elementor-widget elementor-widget-text-editor\" data-id=\"581cdfa\" data-element_type=\"widget\" data-widget_type=\"text-editor.default\">\n\t\t\t\t<div class=\"elementor-widget-container\">\n\t\t\t\t\t\t\t<p style=\"text-align: left;\">Analizamos tu instalaci\u00f3n contigo a partir de la informaci\u00f3n facilitada y de nuestra experiencia en instalaciones similares para identificar posibles oportunidades de optimizaci\u00f3n en consumo energ\u00e9tico, control operativo, estabilidad t\u00e9rmica y mantenimiento.<\/p>\t\t\t\t\t\t<\/div>\n\t\t\t\t<\/div>\n\t\t\t\t<div class=\"elementor-element elementor-element-41b95c0 elementor-hidden-mobile elementor-widget elementor-widget-text-editor\" data-id=\"41b95c0\" data-element_type=\"widget\" data-widget_type=\"text-editor.default\">\n\t\t\t\t<div class=\"elementor-widget-container\">\n\t\t\t\t\t\t\t<p>\u00bfQu\u00e9 obtendr\u00e1s?<\/p>\t\t\t\t\t\t<\/div>\n\t\t\t\t<\/div>\n\t\t\t\t<div class=\"elementor-element elementor-element-8b6d3dd elementor-hidden-mobile elementor-widget elementor-widget-text-editor\" data-id=\"8b6d3dd\" data-element_type=\"widget\" data-widget_type=\"text-editor.default\">\n\t\t\t\t<div class=\"elementor-widget-container\">\n\t\t\t\t\t\t\t<ul><li>Primera estimaci\u00f3n del potencial de optimizaci\u00f3n de la instalaci\u00f3n.<\/li><li>Identificaci\u00f3n preliminar de posibles incidencias.<\/li><li>Orientaci\u00f3n sobre mejoras en control y estabilidad t\u00e9rmica.<\/li><li>Indicadores sobre oportunidades de mantenimiento predictivo.<\/li><li>Aproximaci\u00f3n al potencial de generaci\u00f3n de CAE.<\/li><li>Recomendaciones iniciales basadas en nuestra experiencia.<\/li><\/ul>\t\t\t\t\t\t<\/div>\n\t\t\t\t<\/div>\n\t\t\t\t<div class=\"elementor-element elementor-element-f9d91f4 elementor-hidden-mobile elementor-widget elementor-widget-text-editor\" data-id=\"f9d91f4\" data-element_type=\"widget\" data-widget_type=\"text-editor.default\">\n\t\t\t\t<div class=\"elementor-widget-container\">\n\t\t\t\t\t\t\t<p>Experiencia aplicada a tu instalaci\u00f3n<\/p>\t\t\t\t\t\t<\/div>\n\t\t\t\t<\/div>\n\t\t\t\t<div class=\"elementor-element elementor-element-78298be elementor-hidden-mobile elementor-widget elementor-widget-text-editor\" data-id=\"78298be\" data-element_type=\"widget\" data-widget_type=\"text-editor.default\">\n\t\t\t\t<div class=\"elementor-widget-container\">\n\t\t\t\t\t\t\t<p data-start=\"697\" data-end=\"922\">Aplicamos el mismo enfoque utilizado en instalaciones industriales y comerciales, donde la optimizaci\u00f3n del control de la refrigeraci\u00f3n ha permitido mejorar el rendimiento energ\u00e9tico y la operaci\u00f3n.<\/p><p data-start=\"924\" data-end=\"1042\">A partir de la informaci\u00f3n que compartas, trasladamos este conocimiento a tu caso para identificar posibles oportunidades de mejora.<\/p>\t\t\t\t\t\t<\/div>\n\t\t\t\t<\/div>\n\t\t\t\t<div class=\"elementor-element elementor-element-e9cfa1c elementor-hidden-mobile elementor-widget elementor-widget-text-editor\" data-id=\"e9cfa1c\" data-element_type=\"widget\" data-widget_type=\"text-editor.default\">\n\t\t\t\t<div class=\"elementor-widget-container\">\n\t\t\t\t\t\t\t<p>\u00bfC\u00f3mo funciona?<\/p>\t\t\t\t\t\t<\/div>\n\t\t\t\t<\/div>\n\t\t\t\t<div class=\"elementor-element elementor-element-0decdb1 elementor-hidden-mobile elementor-widget elementor-widget-text-editor\" data-id=\"0decdb1\" data-element_type=\"widget\" data-widget_type=\"text-editor.default\">\n\t\t\t\t<div class=\"elementor-widget-container\">\n\t\t\t\t\t\t\t<ul><li>Compartes una visi\u00f3n general de tu instalaci\u00f3n.<\/li><li>Analizamos contigo el funcionamiento, los principales puntos de mejora.<\/li><li>Te orientamos sobre el potencial de optimizaci\u00f3n y siguientes pasos.<\/li><\/ul>\t\t\t\t\t\t<\/div>\n\t\t\t\t<\/div>\n\t\t\t\t<div class=\"elementor-element elementor-element-a358a7a elementor-hidden-mobile elementor-widget elementor-widget-text-editor\" data-id=\"a358a7a\" data-element_type=\"widget\" data-widget_type=\"text-editor.default\">\n\t\t\t\t<div class=\"elementor-widget-container\">\n\t\t\t\t\t\t\t<p>Gradhoc | Smart Refrigeration, Cooler Future<\/p>\t\t\t\t\t\t<\/div>\n\t\t\t\t<\/div>\n\t\t\t\t<div class=\"elementor-element elementor-element-5d0dde9 elementor-hidden-mobile elementor-widget elementor-widget-text-editor\" data-id=\"5d0dde9\" data-element_type=\"widget\" data-widget_type=\"text-editor.default\">\n\t\t\t\t<div class=\"elementor-widget-container\">\n\t\t\t\t\t\t\t<p style=\"text-align: justify;\">Tecnolog\u00eda desarrollada por expertos en refrigeraci\u00f3n industrial y digitalizaci\u00f3n.\u00a0M\u00e1s de 40 a\u00f1os de experiencia avalan nuestra innovaci\u00f3n.<\/p>\t\t\t\t\t\t<\/div>\n\t\t\t\t<\/div>\n\t\t\t\t\t<\/div>\n\t\t<\/div>\n\t\t\t\t<div class=\"elementor-column elementor-col-33 elementor-top-column elementor-element elementor-element-89ee817\" data-id=\"89ee817\" data-element_type=\"column\">\n\t\t\t<div class=\"elementor-widget-wrap\">\n\t\t\t\t\t\t\t<\/div>\n\t\t<\/div>\n\t\t\t\t<div class=\"elementor-column elementor-col-33 elementor-top-column elementor-element elementor-element-45ef24f\" data-id=\"45ef24f\" data-element_type=\"column\">\n\t\t\t<div class=\"elementor-widget-wrap elementor-element-populated\">\n\t\t\t\t\t\t<div class=\"elementor-element elementor-element-be2361c elementor-widget elementor-widget-html\" data-id=\"be2361c\" data-element_type=\"widget\" data-widget_type=\"html.default\">\n\t\t\t\t<div class=\"elementor-widget-container\">\n\t\t\t\n \n    <span class=\"yellow-color1 width-100\">Completa el formulario y analizaremos contigo tu instalaci\u00f3n <\/span>\n\t\t<\/div>\n\t\t\t\t<\/div>\n\t\t\t\t<div class=\"elementor-element elementor-element-fc5fcea elementor-widget elementor-widget-html\" data-id=\"fc5fcea\" data-element_type=\"widget\" data-widget_type=\"html.default\">\n\t\t\t\t<div class=\"elementor-widget-container\">\n\t\t\t<iframe aria-label='Solicitud estudio caso exito Gradhoc' frameborder=\"0\" style=\"height:1290px;width:99%;border:none;\" src='https:\/\/forms.zohopublic.eu\/cofrico\/form\/SolicitudestudiocasoexitoGradhoc\/formperma\/nHbnnjKXP2KGxqs9ccpW75kEmzUMRmdj2GmmKPB3cAo'><\/iframe>\t\t<\/div>\n\t\t\t\t<\/div>\n\t\t\t\t\t<\/div>\n\t\t<\/div>\n\t\t\t\t\t<\/div>\n\t\t<\/section>\n\t\t\t\t<section class=\"elementor-section elementor-top-section elementor-element elementor-element-7b0f3e6 elementor-section-full_width elementor-section-height-min-height elementor-section-stretched elementor-section-height-default elementor-section-items-middle\" data-id=\"7b0f3e6\" data-element_type=\"section\" data-settings=\"{&quot;stretch_section&quot;:&quot;section-stretched&quot;,&quot;jet_parallax_layout_list&quot;:[{&quot;jet_parallax_layout_image&quot;:{&quot;url&quot;:&quot;&quot;,&quot;id&quot;:&quot;&quot;,&quot;size&quot;:&quot;&quot;},&quot;_id&quot;:&quot;83c9f07&quot;,&quot;jet_parallax_layout_image_tablet&quot;:{&quot;url&quot;:&quot;&quot;,&quot;id&quot;:&quot;&quot;,&quot;size&quot;:&quot;&quot;},&quot;jet_parallax_layout_image_mobile&quot;:{&quot;url&quot;:&quot;&quot;,&quot;id&quot;:&quot;&quot;,&quot;size&quot;:&quot;&quot;},&quot;jet_parallax_layout_speed&quot;:{&quot;unit&quot;:&quot;%&quot;,&quot;size&quot;:50,&quot;sizes&quot;:[]},&quot;jet_parallax_layout_type&quot;:&quot;scroll&quot;,&quot;jet_parallax_layout_direction&quot;:null,&quot;jet_parallax_layout_fx_direction&quot;:null,&quot;jet_parallax_layout_z_index&quot;:&quot;&quot;,&quot;jet_parallax_layout_bg_x&quot;:50,&quot;jet_parallax_layout_bg_x_tablet&quot;:&quot;&quot;,&quot;jet_parallax_layout_bg_x_mobile&quot;:&quot;&quot;,&quot;jet_parallax_layout_bg_y&quot;:50,&quot;jet_parallax_layout_bg_y_tablet&quot;:&quot;&quot;,&quot;jet_parallax_layout_bg_y_mobile&quot;:&quot;&quot;,&quot;jet_parallax_layout_bg_size&quot;:&quot;auto&quot;,&quot;jet_parallax_layout_bg_size_tablet&quot;:&quot;&quot;,&quot;jet_parallax_layout_bg_size_mobile&quot;:&quot;&quot;,&quot;jet_parallax_layout_animation_prop&quot;:&quot;transform&quot;,&quot;jet_parallax_layout_on&quot;:[&quot;desktop&quot;,&quot;tablet&quot;]}],&quot;background_background&quot;:&quot;classic&quot;,&quot;_ha_eqh_enable&quot;:false}\">\n\t\t\t\t\t\t<div class=\"elementor-container elementor-column-gap-default\">\n\t\t\t\t\t<div class=\"elementor-column elementor-col-100 elementor-top-column elementor-element elementor-element-1bf1196\" data-id=\"1bf1196\" data-element_type=\"column\" data-settings=\"{&quot;background_background&quot;:&quot;classic&quot;}\">\n\t\t\t<div class=\"elementor-widget-wrap elementor-element-populated\">\n\t\t\t\t\t\t<div class=\"elementor-element elementor-element-20ab3fd elementor-widget elementor-widget-spacer\" data-id=\"20ab3fd\" data-element_type=\"widget\" data-widget_type=\"spacer.default\">\n\t\t\t\t<div class=\"elementor-widget-container\">\n\t\t\t\t\t<div class=\"elementor-spacer\">\n\t\t\t<div class=\"elementor-spacer-inner\"><\/div>\n\t\t<\/div>\n\t\t\t\t<\/div>\n\t\t\t\t<\/div>\n\t\t\t\t\t<\/div>\n\t\t<\/div>\n\t\t\t\t\t<\/div>\n\t\t<\/section>\n\t\t\t\t<section class=\"elementor-section elementor-top-section elementor-element elementor-element-b0abd8b elementor-section-boxed elementor-section-height-default elementor-section-height-default\" data-id=\"b0abd8b\" data-element_type=\"section\" data-settings=\"{&quot;jet_parallax_layout_list&quot;:[],&quot;_ha_eqh_enable&quot;:false}\">\n\t\t\t\t\t\t<div class=\"elementor-container elementor-column-gap-default\">\n\t\t\t\t\t<div class=\"elementor-column elementor-col-100 elementor-top-column elementor-element elementor-element-1cdd969\" data-id=\"1cdd969\" data-element_type=\"column\">\n\t\t\t<div class=\"elementor-widget-wrap\">\n\t\t\t\t\t\t\t<\/div>\n\t\t<\/div>\n\t\t\t\t\t<\/div>\n\t\t<\/section>\n\t\t\t\t<\/div>\n\t\t","protected":false},"excerpt":{"rendered":"<p>Gradhoc Analiza el rendimiento de tu instalaci\u00f3n frigor\u00edfica Revisamos contigo el funcionamiento de tu instalaci\u00f3n para identificar posibles oportunidades de mejora en consumo energ\u00e9tico, control y mantenimiento. Analizamos tu instalaci\u00f3n contigo a partir de la informaci\u00f3n facilitada y de nuestra &hellip; <a href=\"https:\/\/gradhoc.com\/es\/solicitar-estudio\/\">Sigue leyendo <span class=\"meta-nav\">&rarr;<\/span><\/a><\/p>\n","protected":false},"author":3,"featured_media":8126,"parent":0,"menu_order":0,"comment_status":"closed","ping_status":"closed","template":"elementor_header_footer","meta":[],"acf":[],"yoast_head":"<!-- This site is optimized with the Yoast SEO Premium plugin v20.6 (Yoast SEO v20.6) - https:\/\/yoast.com\/wordpress\/plugins\/seo\/ -->\n<title>Solicitar estudio<\/title>\n<meta name=\"description\" content=\"Analiza el rendimiento de tu instalaci\u00f3n frigor\u00edfica y detecta oportunidades de mejora con un enfoque basado en casos reales\" \/>\n<meta name=\"robots\" content=\"noindex, nofollow\" \/>\n<meta property=\"og:locale\" content=\"es_ES\" \/>\n<meta property=\"og:type\" content=\"article\" \/>\n<meta property=\"og:title\" content=\"Solicitar estudio\" \/>\n<meta property=\"og:description\" content=\"Analiza el rendimiento de tu instalaci\u00f3n frigor\u00edfica y detecta oportunidades de mejora con un enfoque basado en casos reales\" \/>\n<meta property=\"og:url\" content=\"https:\/\/gradhoc.com\/es\/solicitar-estudio\/\" \/>\n<meta property=\"og:site_name\" content=\"Gradhoc\" \/>\n<meta property=\"article:modified_time\" content=\"2026-03-24T16:16:04+00:00\" \/>\n<meta property=\"og:image\" content=\"https:\/\/gradhoc.com\/wp-content\/uploads\/2022\/06\/mapa_gestion_macro_instalaciones_1920.jpg\" \/>\n\t<meta property=\"og:image:width\" content=\"1920\" \/>\n\t<meta property=\"og:image:height\" content=\"1280\" \/>\n\t<meta property=\"og:image:type\" content=\"image\/jpeg\" \/>\n<meta name=\"twitter:card\" content=\"summary_large_image\" \/>\n<meta name=\"twitter:label1\" content=\"Tiempo de lectura\" \/>\n\t<meta name=\"twitter:data1\" content=\"1 minuto\" \/>\n<script type=\"application\/ld+json\" class=\"yoast-schema-graph\">{\"@context\":\"https:\/\/schema.org\",\"@graph\":[{\"@type\":\"WebPage\",\"@id\":\"https:\/\/gradhoc.com\/es\/solicitar-estudio\/\",\"url\":\"https:\/\/gradhoc.com\/es\/solicitar-estudio\/\",\"name\":\"Solicitar estudio\",\"isPartOf\":{\"@id\":\"https:\/\/gradhoc.com\/#website\"},\"datePublished\":\"2026-03-24T15:55:30+00:00\",\"dateModified\":\"2026-03-24T16:16:04+00:00\",\"description\":\"Analiza el rendimiento de tu instalaci\u00f3n frigor\u00edfica y detecta oportunidades de mejora con un enfoque basado en casos reales\",\"breadcrumb\":{\"@id\":\"https:\/\/gradhoc.com\/es\/solicitar-estudio\/#breadcrumb\"},\"inLanguage\":\"es\",\"potentialAction\":[{\"@type\":\"ReadAction\",\"target\":[\"https:\/\/gradhoc.com\/es\/solicitar-estudio\/\"]}]},{\"@type\":\"BreadcrumbList\",\"@id\":\"https:\/\/gradhoc.com\/es\/solicitar-estudio\/#breadcrumb\",\"itemListElement\":[{\"@type\":\"ListItem\",\"position\":1,\"name\":\"Home\",\"item\":\"https:\/\/gradhoc.com\/es\/\"},{\"@type\":\"ListItem\",\"position\":2,\"name\":\"Solicitar estudio\"}]},{\"@type\":\"WebSite\",\"@id\":\"https:\/\/gradhoc.com\/#website\",\"url\":\"https:\/\/gradhoc.com\/\",\"name\":\"Gradhoc\",\"description\":\"Artificial intelligence at the service of retail and the food industry\",\"publisher\":{\"@id\":\"https:\/\/gradhoc.com\/#organization\"},\"potentialAction\":[{\"@type\":\"SearchAction\",\"target\":{\"@type\":\"EntryPoint\",\"urlTemplate\":\"https:\/\/gradhoc.com\/?s={search_term_string}\"},\"query-input\":\"required name=search_term_string\"}],\"inLanguage\":\"es\"},{\"@type\":\"Organization\",\"@id\":\"https:\/\/gradhoc.com\/#organization\",\"name\":\"Gradhoc\",\"url\":\"https:\/\/gradhoc.com\/\",\"logo\":{\"@type\":\"ImageObject\",\"inLanguage\":\"es\",\"@id\":\"https:\/\/gradhoc.com\/#\/schema\/logo\/image\/\",\"url\":\"https:\/\/gradhoc.com\/wp-content\/uploads\/2022\/03\/section2.png\",\"contentUrl\":\"https:\/\/gradhoc.com\/wp-content\/uploads\/2022\/03\/section2.png\",\"width\":127,\"height\":36,\"caption\":\"Gradhoc\"},\"image\":{\"@id\":\"https:\/\/gradhoc.com\/#\/schema\/logo\/image\/\"}}]}<\/script>\n<!-- \/ Yoast SEO Premium plugin. -->","yoast_head_json":{"title":"Solicitar estudio","description":"Analiza el rendimiento de tu instalaci\u00f3n frigor\u00edfica y detecta oportunidades de mejora con un enfoque basado en casos reales","robots":{"index":"noindex","follow":"nofollow"},"og_locale":"es_ES","og_type":"article","og_title":"Solicitar estudio","og_description":"Analiza el rendimiento de tu instalaci\u00f3n frigor\u00edfica y detecta oportunidades de mejora con un enfoque basado en casos reales","og_url":"https:\/\/gradhoc.com\/es\/solicitar-estudio\/","og_site_name":"Gradhoc","article_modified_time":"2026-03-24T16:16:04+00:00","og_image":[{"width":1920,"height":1280,"url":"https:\/\/gradhoc.com\/wp-content\/uploads\/2022\/06\/mapa_gestion_macro_instalaciones_1920.jpg","type":"image\/jpeg"}],"twitter_card":"summary_large_image","twitter_misc":{"Tiempo de lectura":"1 minuto"},"schema":{"@context":"https:\/\/schema.org","@graph":[{"@type":"WebPage","@id":"https:\/\/gradhoc.com\/es\/solicitar-estudio\/","url":"https:\/\/gradhoc.com\/es\/solicitar-estudio\/","name":"Solicitar estudio","isPartOf":{"@id":"https:\/\/gradhoc.com\/#website"},"datePublished":"2026-03-24T15:55:30+00:00","dateModified":"2026-03-24T16:16:04+00:00","description":"Analiza el rendimiento de tu instalaci\u00f3n frigor\u00edfica y detecta oportunidades de mejora con un enfoque basado en casos reales","breadcrumb":{"@id":"https:\/\/gradhoc.com\/es\/solicitar-estudio\/#breadcrumb"},"inLanguage":"es","potentialAction":[{"@type":"ReadAction","target":["https:\/\/gradhoc.com\/es\/solicitar-estudio\/"]}]},{"@type":"BreadcrumbList","@id":"https:\/\/gradhoc.com\/es\/solicitar-estudio\/#breadcrumb","itemListElement":[{"@type":"ListItem","position":1,"name":"Home","item":"https:\/\/gradhoc.com\/es\/"},{"@type":"ListItem","position":2,"name":"Solicitar estudio"}]},{"@type":"WebSite","@id":"https:\/\/gradhoc.com\/#website","url":"https:\/\/gradhoc.com\/","name":"Gradhoc","description":"Artificial intelligence at the service of retail and the food industry","publisher":{"@id":"https:\/\/gradhoc.com\/#organization"},"potentialAction":[{"@type":"SearchAction","target":{"@type":"EntryPoint","urlTemplate":"https:\/\/gradhoc.com\/?s={search_term_string}"},"query-input":"required name=search_term_string"}],"inLanguage":"es"},{"@type":"Organization","@id":"https:\/\/gradhoc.com\/#organization","name":"Gradhoc","url":"https:\/\/gradhoc.com\/","logo":{"@type":"ImageObject","inLanguage":"es","@id":"https:\/\/gradhoc.com\/#\/schema\/logo\/image\/","url":"https:\/\/gradhoc.com\/wp-content\/uploads\/2022\/03\/section2.png","contentUrl":"https:\/\/gradhoc.com\/wp-content\/uploads\/2022\/03\/section2.png","width":127,"height":36,"caption":"Gradhoc"},"image":{"@id":"https:\/\/gradhoc.com\/#\/schema\/logo\/image\/"}}]}},"_links":{"self":[{"href":"https:\/\/gradhoc.com\/es\/wp-json\/wp\/v2\/pages\/22737"}],"collection":[{"href":"https:\/\/gradhoc.com\/es\/wp-json\/wp\/v2\/pages"}],"about":[{"href":"https:\/\/gradhoc.com\/es\/wp-json\/wp\/v2\/types\/page"}],"author":[{"embeddable":true,"href":"https:\/\/gradhoc.com\/es\/wp-json\/wp\/v2\/users\/3"}],"replies":[{"embeddable":true,"href":"https:\/\/gradhoc.com\/es\/wp-json\/wp\/v2\/comments?post=22737"}],"version-history":[{"count":40,"href":"https:\/\/gradhoc.com\/es\/wp-json\/wp\/v2\/pages\/22737\/revisions"}],"predecessor-version":[{"id":22794,"href":"https:\/\/gradhoc.com\/es\/wp-json\/wp\/v2\/pages\/22737\/revisions\/22794"}],"wp:featuredmedia":[{"embeddable":true,"href":"https:\/\/gradhoc.com\/es\/wp-json\/wp\/v2\/media\/8126"}],"wp:attachment":[{"href":"https:\/\/gradhoc.com\/es\/wp-json\/wp\/v2\/media?parent=22737"}],"curies":[{"name":"wp","href":"https:\/\/api.w.org\/{rel}","templated":true}]}}