{"id":4523,"date":"2022-04-26T08:17:21","date_gmt":"2022-04-26T08:17:21","guid":{"rendered":"https:\/\/gradhoc.com\/?page_id=4523"},"modified":"2022-11-29T10:24:31","modified_gmt":"2022-11-29T10:24:31","slug":"politica-cookies","status":"publish","type":"page","link":"https:\/\/gradhoc.com\/es\/politica-cookies\/","title":{"rendered":"Pol\u00edtica Cookies"},"content":{"rendered":"\t\t<div data-elementor-type=\"wp-page\" data-elementor-id=\"4523\" class=\"elementor elementor-4523 elementor-4518\" data-elementor-post-type=\"page\">\n\t\t\t\t\t\t<section class=\"elementor-section elementor-top-section elementor-element elementor-element-3b0098a elementor-section-boxed elementor-section-height-default elementor-section-height-default\" data-id=\"3b0098a\" data-element_type=\"section\" data-settings=\"{&quot;jet_parallax_layout_list&quot;:[{&quot;jet_parallax_layout_image&quot;:{&quot;url&quot;:&quot;&quot;,&quot;id&quot;:&quot;&quot;,&quot;size&quot;:&quot;&quot;},&quot;_id&quot;:&quot;6219888&quot;,&quot;jet_parallax_layout_image_tablet&quot;:{&quot;url&quot;:&quot;&quot;,&quot;id&quot;:&quot;&quot;,&quot;size&quot;:&quot;&quot;},&quot;jet_parallax_layout_image_mobile&quot;:{&quot;url&quot;:&quot;&quot;,&quot;id&quot;:&quot;&quot;,&quot;size&quot;:&quot;&quot;},&quot;jet_parallax_layout_speed&quot;:{&quot;unit&quot;:&quot;%&quot;,&quot;size&quot;:50,&quot;sizes&quot;:[]},&quot;jet_parallax_layout_type&quot;:&quot;scroll&quot;,&quot;jet_parallax_layout_direction&quot;:null,&quot;jet_parallax_layout_fx_direction&quot;:null,&quot;jet_parallax_layout_z_index&quot;:&quot;&quot;,&quot;jet_parallax_layout_bg_x&quot;:50,&quot;jet_parallax_layout_bg_x_tablet&quot;:&quot;&quot;,&quot;jet_parallax_layout_bg_x_mobile&quot;:&quot;&quot;,&quot;jet_parallax_layout_bg_y&quot;:50,&quot;jet_parallax_layout_bg_y_tablet&quot;:&quot;&quot;,&quot;jet_parallax_layout_bg_y_mobile&quot;:&quot;&quot;,&quot;jet_parallax_layout_bg_size&quot;:&quot;auto&quot;,&quot;jet_parallax_layout_bg_size_tablet&quot;:&quot;&quot;,&quot;jet_parallax_layout_bg_size_mobile&quot;:&quot;&quot;,&quot;jet_parallax_layout_animation_prop&quot;:&quot;transform&quot;,&quot;jet_parallax_layout_on&quot;:[&quot;desktop&quot;,&quot;tablet&quot;]}],&quot;_ha_eqh_enable&quot;:false}\">\n\t\t\t\t\t\t<div class=\"elementor-container elementor-column-gap-default\">\n\t\t\t\t\t<div class=\"elementor-column elementor-col-100 elementor-top-column elementor-element elementor-element-3b24deb\" data-id=\"3b24deb\" data-element_type=\"column\">\n\t\t\t<div class=\"elementor-widget-wrap elementor-element-populated\">\n\t\t\t\t\t\t<div class=\"elementor-element elementor-element-f45ec8d elementor-widget elementor-widget-heading\" data-id=\"f45ec8d\" data-element_type=\"widget\" data-widget_type=\"heading.default\">\n\t\t\t\t<div class=\"elementor-widget-container\">\n\t\t\t<h2 class=\"elementor-heading-title elementor-size-default\">Pol\u00edtica Cookies<\/h2>\t\t<\/div>\n\t\t\t\t<\/div>\n\t\t\t\t<div class=\"elementor-element elementor-element-7e11873 elementor-widget elementor-widget-text-editor\" data-id=\"7e11873\" data-element_type=\"widget\" data-widget_type=\"text-editor.default\">\n\t\t\t\t<div class=\"elementor-widget-container\">\n\t\t\t\t\t\t\t<p>Para optimizar nuestros servicios, el presente sitio web, los mensajes enviados por correo electr\u00f3nico, los servicios online y las aplicaciones interactivas pueden utilizar cookies.<\/p>\t\t\t\t\t\t<\/div>\n\t\t\t\t<\/div>\n\t\t\t\t<div class=\"elementor-element elementor-element-1550242 elementor-widget elementor-widget-heading\" data-id=\"1550242\" data-element_type=\"widget\" data-widget_type=\"heading.default\">\n\t\t\t\t<div class=\"elementor-widget-container\">\n\t\t\t<h2 class=\"elementor-heading-title elementor-size-default\">\n\u00bfQU\u00c9 SON LAS COOKIES?\n<\/h2>\t\t<\/div>\n\t\t\t\t<\/div>\n\t\t\t\t<div class=\"elementor-element elementor-element-dbd0837 elementor-widget elementor-widget-text-editor\" data-id=\"dbd0837\" data-element_type=\"widget\" data-widget_type=\"text-editor.default\">\n\t\t\t\t<div class=\"elementor-widget-container\">\n\t\t\t\t\t\t\t<p>Una cookie es un fichero que se descarga en el equipo del usuario al acceder a esta p\u00e1gina web para almacenar y recuperar informaci\u00f3n sobre tus h\u00e1bitos de navegaci\u00f3n o de tu equipo, y mejoran tu experiencia de navegaci\u00f3n. El principal prop\u00f3sito de una cookie es permitir a nuestro servidor presentar p\u00e1ginas web personalizadas y ayudar a identificar y resolver errores. Las cookies no pueden da\u00f1ar su equipo.<\/p>\t\t\t\t\t\t<\/div>\n\t\t\t\t<\/div>\n\t\t\t\t<div class=\"elementor-element elementor-element-359422f elementor-widget elementor-widget-heading\" data-id=\"359422f\" data-element_type=\"widget\" data-widget_type=\"heading.default\">\n\t\t\t\t<div class=\"elementor-widget-container\">\n\t\t\t<h2 class=\"elementor-heading-title elementor-size-default\">\u00bfQU\u00c9 TIPO DE COOKIES UTILIZA ESTA P\u00c1GINA WEB?\n<\/h2>\t\t<\/div>\n\t\t\t\t<\/div>\n\t\t\t\t<div class=\"elementor-element elementor-element-5f348a6 elementor-widget elementor-widget-text-editor\" data-id=\"5f348a6\" data-element_type=\"widget\" data-widget_type=\"text-editor.default\">\n\t\t\t\t<div class=\"elementor-widget-container\">\n\t\t\t\t\t\t\t<p>Una cookie es un fichero que se descarga en el equipo del usuario al acceder a esta p\u00e1gina web para almacenar y recuperar informaci\u00f3n sobre tus h\u00e1bitos de navegaci\u00f3n o de tu equipo, y mejoran tu experiencia de navegaci\u00f3n. El principal prop\u00f3sito de una cookie es permitir a nuestro servidor presentar p\u00e1ginas web personalizadas y ayudar a identificar y resolver errores. Las cookies no pueden da\u00f1ar su equipo.<br \/><br \/>Esta web utiliza cookies propias y de terceros para conseguir que tengas una mejor experiencia de navegaci\u00f3n, para que puedas compartir contenido de nuestro apartado de noticias en redes sociales, y para obtener estad\u00edsticas de usuarios.<br \/><br \/><br \/>Este sitio emplea <b>cookies de sesi\u00f3n:<\/b> cookies temporales que permanecen en el archivo de cookies de su navegador mientras est\u00e1 en nuestra p\u00e1gina web. Estas cookies son necesarias para ciertas aplicaciones o funciones y permiten que este sitio funcione adecuadamente.<br \/><br \/><\/p><p>Este sitio <b>emplea cookies permanentes:<\/b> cookies que se almacenan en su equipo y que nuestra web utiliza cada vez que accede de nuevo. Estas cookies poseen una fecha de expiraci\u00f3n, y son necesarias para el correcto funcionamiento de servicios y recordatorios de la actividad del usuario en el sitio.<br \/><br \/><b>Cookies de an\u00e1lisis:<\/b> Son aquellas que nos permiten cuantificar el n\u00famero de usuarios, y as\u00ed realizar la medici\u00f3n y an\u00e1lisis estad\u00edstico de la utilizaci\u00f3n que hacen los mismos de este sitio Web. Para ello se analiza tu navegaci\u00f3n en esta p\u00e1gina web con el fin de mejorar tu experiencia de usuario, y la oferta de art\u00edculos y servicios que ofrece esta p\u00e1gina. En ning\u00fan caso, se asocian a datos que pudieran llegar a identificar al usuario.<br \/><br \/><br \/>Google Analytics, es un servicio de anal\u00edtica web prestado por Google, Inc., una compa\u00f1\u00eda de Delaware cuya oficina principal est\u00e1 en 1600 Amphitheatre Parkway, Mountain View (California), CA 94043, Estados Unidos (\u201cGoogle\u201d). Esta es la pol\u00edtica de Cookies de Google.<br \/><br \/><br \/><b>Cookies de redes sociales:<\/b> Son aquellas que pueden almacenarse en tu ordenador mientras navegas por la web, por ejemplo, cuando utilizas el bot\u00f3n de compartir contenido en alguna red social.<br \/><br \/><br \/>Las empresas que generan estas cookies correspondientes a las redes sociales que utiliza la web tienen sus propias pol\u00edticas de cookies, y son las siguientes:<br \/><br \/><br \/>Cookies de Google, seg\u00fan la <a href=\"https:\/\/policies.google.com\/technologies\/cookies?hl=es&amp;gl=es\">pol\u00edtica de cookies de Google<\/a>.<br \/><br \/>Cookies de LinkedIn, seg\u00fan la <a href=\"https:\/\/www.linkedin.com\/legal\/cookie-policy?trk=hp-cookies\">pol\u00edtica de cookies de LinkedIn<\/a>.<br \/><br \/>Este Sitio no emplea ning\u00fan otro tipo de cookie que no est\u00e9 reflejada en este documento.<br \/><br \/><br \/><\/p><p>En cumplimiento de lo establecido en el art\u00edculo 22.2 de la Ley 34\/2002 de Servicios de la Sociedad de la Informaci\u00f3n y Comercio Electr\u00f3nico, se detallan las cookies que pueden instalarse habitualmente en su ordenador durante la navegaci\u00f3n por este sitio Web:<\/p>\t\t\t\t\t\t<\/div>\n\t\t\t\t<\/div>\n\t\t\t\t<div class=\"elementor-element elementor-element-9441f02 elementor-widget elementor-widget-heading\" data-id=\"9441f02\" data-element_type=\"widget\" data-widget_type=\"heading.default\">\n\t\t\t\t<div class=\"elementor-widget-container\">\n\t\t\t<h2 class=\"elementor-heading-title elementor-size-default\">COOKIES NECESARIAS\n<\/h2>\t\t<\/div>\n\t\t\t\t<\/div>\n\t\t\t\t<div class=\"elementor-element elementor-element-95db0b7 elementor-widget elementor-widget-text-editor\" data-id=\"95db0b7\" data-element_type=\"widget\" data-widget_type=\"text-editor.default\">\n\t\t\t\t<div class=\"elementor-widget-container\">\n\t\t\t\t\t\t\t<p>Las cookies necesarias, ayudan a hacer una p\u00e1gina web utilizable activando funciones b\u00e1sicas como la navegaci\u00f3n en la p\u00e1gina y el acceso a \u00e1reas seguras de la p\u00e1gina web. La p\u00e1gina web no puede funcionar adecuadamente sin estas cookies.<\/p>\t\t\t\t\t\t<\/div>\n\t\t\t\t<\/div>\n\t\t\t\t<div class=\"elementor-element elementor-element-ca50c80 elementor-widget elementor-widget-heading\" data-id=\"ca50c80\" data-element_type=\"widget\" data-widget_type=\"heading.default\">\n\t\t\t\t<div class=\"elementor-widget-container\">\n\t\t\t<h2 class=\"elementor-heading-title elementor-size-default\">COOKIES DE PREFERENCIAS\n<\/h2>\t\t<\/div>\n\t\t\t\t<\/div>\n\t\t\t\t<div class=\"elementor-element elementor-element-3420e74 elementor-widget elementor-widget-text-editor\" data-id=\"3420e74\" data-element_type=\"widget\" data-widget_type=\"text-editor.default\">\n\t\t\t\t<div class=\"elementor-widget-container\">\n\t\t\t\t\t\t\t<p>Las cookies de preferencias permiten a la p\u00e1gina web recordar informaci\u00f3n que cambia la forma en que la p\u00e1gina se comporta o el aspecto que tiene, como su idioma preferido o la regi\u00f3n en la que usted se encuentra.<\/p>\t\t\t\t\t\t<\/div>\n\t\t\t\t<\/div>\n\t\t\t\t<div class=\"elementor-element elementor-element-4720aab elementor-widget elementor-widget-heading\" data-id=\"4720aab\" data-element_type=\"widget\" data-widget_type=\"heading.default\">\n\t\t\t\t<div class=\"elementor-widget-container\">\n\t\t\t<h2 class=\"elementor-heading-title elementor-size-default\">COOKIES DE ESTAD\u00cdSTICA\n<\/h2>\t\t<\/div>\n\t\t\t\t<\/div>\n\t\t\t\t<div class=\"elementor-element elementor-element-66b4476 elementor-widget elementor-widget-text-editor\" data-id=\"66b4476\" data-element_type=\"widget\" data-widget_type=\"text-editor.default\">\n\t\t\t\t<div class=\"elementor-widget-container\">\n\t\t\t\t\t\t\t<p>Las cookies estad\u00edsticas ayudan a los propietarios de p\u00e1ginas web a comprender c\u00f3mo interact\u00faan los visitantes con las p\u00e1ginas web reuniendo y proporcionando informaci\u00f3n de forma an\u00f3nima.<\/p>\t\t\t\t\t\t<\/div>\n\t\t\t\t<\/div>\n\t\t\t\t<div class=\"elementor-element elementor-element-0dce67e elementor-widget elementor-widget-heading\" data-id=\"0dce67e\" data-element_type=\"widget\" data-widget_type=\"heading.default\">\n\t\t\t\t<div class=\"elementor-widget-container\">\n\t\t\t<h2 class=\"elementor-heading-title elementor-size-default\">COOKIES DE MARKETING\n<\/h2>\t\t<\/div>\n\t\t\t\t<\/div>\n\t\t\t\t<div class=\"elementor-element elementor-element-29f14a8 elementor-widget elementor-widget-text-editor\" data-id=\"29f14a8\" data-element_type=\"widget\" data-widget_type=\"text-editor.default\">\n\t\t\t\t<div class=\"elementor-widget-container\">\n\t\t\t\t\t\t\t<p>Las cookies de marketing se utilizan para rastrear a los visitantes en las p\u00e1ginas web. La intenci\u00f3n es mostrar anuncios relevantes y atractivos para el usuario individual, y por lo tanto, m\u00e1s valiosos para los editores y terceros anunciantes.<\/p>\t\t\t\t\t\t<\/div>\n\t\t\t\t<\/div>\n\t\t\t\t<div class=\"elementor-element elementor-element-e061ffd elementor-widget elementor-widget-heading\" data-id=\"e061ffd\" data-element_type=\"widget\" data-widget_type=\"heading.default\">\n\t\t\t\t<div class=\"elementor-widget-container\">\n\t\t\t<h2 class=\"elementor-heading-title elementor-size-default\">REVOCACI\u00d3N Y ELIMINACI\u00d3N DE COOKIES\n<\/h2>\t\t<\/div>\n\t\t\t\t<\/div>\n\t\t\t\t<div class=\"elementor-element elementor-element-ceadd2d elementor-widget elementor-widget-text-editor\" data-id=\"ceadd2d\" data-element_type=\"widget\" data-widget_type=\"text-editor.default\">\n\t\t\t\t<div class=\"elementor-widget-container\">\n\t\t\t\t\t\t\t<p>Puedes permitir, bloquear o eliminar las cookies instaladas en tu ordenador mediante la configuraci\u00f3n de las opciones del navegador instalado en tu ordenador.<\/p><p>M\u00e1s informaci\u00f3n sobre el funcionamiento de las <a href=\"https:\/\/support.google.com\/chrome\/answer\/95647?hl=en\">cookies en el navegador Chrome.<\/a><\/p><p>M\u00e1s informaci\u00f3n sobre el funcionamiento de las\u00a0<a href=\"https:\/\/support.mozilla.org\/en-US\/products\/firefox\/protect-your-privacy\/cookies\">cookies en el navegador Firefox.<\/a><\/p><p>M\u00e1s informaci\u00f3n sobre el funcionamiento de las\u00a0<a href=\"https:\/\/support.microsoft.com\/en-us\/windows\/delete-and-manage-cookies-168dab11-0753-043d-7c16-ede5947fc64d\">cookies en el navegador Explorer.<\/a><\/p><p>M\u00e1s informaci\u00f3n sobre el funcionamiento de las <a href=\"https:\/\/support.apple.com\/en-gb\/guide\/safari\/sfri11471\/mac\">cookies en el navegador Safari.<\/a><\/p><p>M\u00e1s informaci\u00f3n sobre el funcionamiento de las <a href=\"https:\/\/support.apple.com\/en-gb\/guide\/safari\/sfri11471\/mac\">cookies en el navegador Chrome.<\/a><\/p>\t\t\t\t\t\t<\/div>\n\t\t\t\t<\/div>\n\t\t\t\t\t<\/div>\n\t\t<\/div>\n\t\t\t\t\t<\/div>\n\t\t<\/section>\n\t\t\t\t<\/div>\n\t\t","protected":false},"excerpt":{"rendered":"<p>Pol\u00edtica Cookies Para optimizar nuestros servicios, el presente sitio web, los mensajes enviados por correo electr\u00f3nico, los servicios online y las aplicaciones interactivas pueden utilizar cookies. \u00bfQU\u00c9 SON LAS COOKIES? Una cookie es un fichero que se descarga en el &hellip; <a href=\"https:\/\/gradhoc.com\/es\/politica-cookies\/\">Sigue leyendo <span class=\"meta-nav\">&rarr;<\/span><\/a><\/p>\n","protected":false},"author":3,"featured_media":0,"parent":0,"menu_order":0,"comment_status":"closed","ping_status":"closed","template":"","meta":[],"acf":[],"yoast_head":"<!-- This site is optimized with the Yoast SEO Premium plugin v20.6 (Yoast SEO v20.6) - https:\/\/yoast.com\/wordpress\/plugins\/seo\/ -->\n<title>Pol\u00edtica Cookies<\/title>\n<meta name=\"robots\" content=\"noindex, nofollow\" \/>\n<meta property=\"og:locale\" content=\"es_ES\" \/>\n<meta property=\"og:type\" content=\"article\" \/>\n<meta property=\"og:title\" content=\"Pol\u00edtica Cookies\" \/>\n<meta property=\"og:description\" content=\"Pol\u00edtica Cookies Para optimizar nuestros servicios, el presente sitio web, los mensajes enviados por correo electr\u00f3nico, los servicios online y las aplicaciones interactivas pueden utilizar cookies. \u00bfQU\u00c9 SON LAS COOKIES? Una cookie es un fichero que se descarga en el &hellip; Sigue leyendo &rarr;\" \/>\n<meta property=\"og:url\" content=\"https:\/\/gradhoc.com\/es\/politica-cookies\/\" \/>\n<meta property=\"og:site_name\" content=\"Gradhoc\" \/>\n<meta property=\"article:modified_time\" content=\"2022-11-29T10:24:31+00:00\" \/>\n<meta name=\"twitter:card\" content=\"summary_large_image\" \/>\n<meta name=\"twitter:label1\" content=\"Tiempo de lectura\" \/>\n\t<meta name=\"twitter:data1\" content=\"4 minutos\" \/>\n<script type=\"application\/ld+json\" class=\"yoast-schema-graph\">{\"@context\":\"https:\/\/schema.org\",\"@graph\":[{\"@type\":\"WebPage\",\"@id\":\"https:\/\/gradhoc.com\/es\/politica-cookies\/\",\"url\":\"https:\/\/gradhoc.com\/es\/politica-cookies\/\",\"name\":\"Pol\u00edtica Cookies\",\"isPartOf\":{\"@id\":\"https:\/\/gradhoc.com\/#website\"},\"datePublished\":\"2022-04-26T08:17:21+00:00\",\"dateModified\":\"2022-11-29T10:24:31+00:00\",\"breadcrumb\":{\"@id\":\"https:\/\/gradhoc.com\/es\/politica-cookies\/#breadcrumb\"},\"inLanguage\":\"es\",\"potentialAction\":[{\"@type\":\"ReadAction\",\"target\":[\"https:\/\/gradhoc.com\/es\/politica-cookies\/\"]}]},{\"@type\":\"BreadcrumbList\",\"@id\":\"https:\/\/gradhoc.com\/es\/politica-cookies\/#breadcrumb\",\"itemListElement\":[{\"@type\":\"ListItem\",\"position\":1,\"name\":\"Home\",\"item\":\"https:\/\/gradhoc.com\/es\/\"},{\"@type\":\"ListItem\",\"position\":2,\"name\":\"Pol\u00edtica Cookies\"}]},{\"@type\":\"WebSite\",\"@id\":\"https:\/\/gradhoc.com\/#website\",\"url\":\"https:\/\/gradhoc.com\/\",\"name\":\"Gradhoc\",\"description\":\"Artificial intelligence at the service of retail and the food industry\",\"publisher\":{\"@id\":\"https:\/\/gradhoc.com\/#organization\"},\"potentialAction\":[{\"@type\":\"SearchAction\",\"target\":{\"@type\":\"EntryPoint\",\"urlTemplate\":\"https:\/\/gradhoc.com\/?s={search_term_string}\"},\"query-input\":\"required name=search_term_string\"}],\"inLanguage\":\"es\"},{\"@type\":\"Organization\",\"@id\":\"https:\/\/gradhoc.com\/#organization\",\"name\":\"Gradhoc\",\"url\":\"https:\/\/gradhoc.com\/\",\"logo\":{\"@type\":\"ImageObject\",\"inLanguage\":\"es\",\"@id\":\"https:\/\/gradhoc.com\/#\/schema\/logo\/image\/\",\"url\":\"https:\/\/gradhoc.com\/wp-content\/uploads\/2022\/03\/section2.png\",\"contentUrl\":\"https:\/\/gradhoc.com\/wp-content\/uploads\/2022\/03\/section2.png\",\"width\":127,\"height\":36,\"caption\":\"Gradhoc\"},\"image\":{\"@id\":\"https:\/\/gradhoc.com\/#\/schema\/logo\/image\/\"}}]}<\/script>\n<!-- \/ Yoast SEO Premium plugin. -->","yoast_head_json":{"title":"Pol\u00edtica Cookies","robots":{"index":"noindex","follow":"nofollow"},"og_locale":"es_ES","og_type":"article","og_title":"Pol\u00edtica Cookies","og_description":"Pol\u00edtica Cookies Para optimizar nuestros servicios, el presente sitio web, los mensajes enviados por correo electr\u00f3nico, los servicios online y las aplicaciones interactivas pueden utilizar cookies. \u00bfQU\u00c9 SON LAS COOKIES? Una cookie es un fichero que se descarga en el &hellip; Sigue leyendo &rarr;","og_url":"https:\/\/gradhoc.com\/es\/politica-cookies\/","og_site_name":"Gradhoc","article_modified_time":"2022-11-29T10:24:31+00:00","twitter_card":"summary_large_image","twitter_misc":{"Tiempo de lectura":"4 minutos"},"schema":{"@context":"https:\/\/schema.org","@graph":[{"@type":"WebPage","@id":"https:\/\/gradhoc.com\/es\/politica-cookies\/","url":"https:\/\/gradhoc.com\/es\/politica-cookies\/","name":"Pol\u00edtica Cookies","isPartOf":{"@id":"https:\/\/gradhoc.com\/#website"},"datePublished":"2022-04-26T08:17:21+00:00","dateModified":"2022-11-29T10:24:31+00:00","breadcrumb":{"@id":"https:\/\/gradhoc.com\/es\/politica-cookies\/#breadcrumb"},"inLanguage":"es","potentialAction":[{"@type":"ReadAction","target":["https:\/\/gradhoc.com\/es\/politica-cookies\/"]}]},{"@type":"BreadcrumbList","@id":"https:\/\/gradhoc.com\/es\/politica-cookies\/#breadcrumb","itemListElement":[{"@type":"ListItem","position":1,"name":"Home","item":"https:\/\/gradhoc.com\/es\/"},{"@type":"ListItem","position":2,"name":"Pol\u00edtica Cookies"}]},{"@type":"WebSite","@id":"https:\/\/gradhoc.com\/#website","url":"https:\/\/gradhoc.com\/","name":"Gradhoc","description":"Artificial intelligence at the service of retail and the food industry","publisher":{"@id":"https:\/\/gradhoc.com\/#organization"},"potentialAction":[{"@type":"SearchAction","target":{"@type":"EntryPoint","urlTemplate":"https:\/\/gradhoc.com\/?s={search_term_string}"},"query-input":"required name=search_term_string"}],"inLanguage":"es"},{"@type":"Organization","@id":"https:\/\/gradhoc.com\/#organization","name":"Gradhoc","url":"https:\/\/gradhoc.com\/","logo":{"@type":"ImageObject","inLanguage":"es","@id":"https:\/\/gradhoc.com\/#\/schema\/logo\/image\/","url":"https:\/\/gradhoc.com\/wp-content\/uploads\/2022\/03\/section2.png","contentUrl":"https:\/\/gradhoc.com\/wp-content\/uploads\/2022\/03\/section2.png","width":127,"height":36,"caption":"Gradhoc"},"image":{"@id":"https:\/\/gradhoc.com\/#\/schema\/logo\/image\/"}}]}},"_links":{"self":[{"href":"https:\/\/gradhoc.com\/es\/wp-json\/wp\/v2\/pages\/4523"}],"collection":[{"href":"https:\/\/gradhoc.com\/es\/wp-json\/wp\/v2\/pages"}],"about":[{"href":"https:\/\/gradhoc.com\/es\/wp-json\/wp\/v2\/types\/page"}],"author":[{"embeddable":true,"href":"https:\/\/gradhoc.com\/es\/wp-json\/wp\/v2\/users\/3"}],"replies":[{"embeddable":true,"href":"https:\/\/gradhoc.com\/es\/wp-json\/wp\/v2\/comments?post=4523"}],"version-history":[{"count":30,"href":"https:\/\/gradhoc.com\/es\/wp-json\/wp\/v2\/pages\/4523\/revisions"}],"predecessor-version":[{"id":9208,"href":"https:\/\/gradhoc.com\/es\/wp-json\/wp\/v2\/pages\/4523\/revisions\/9208"}],"wp:attachment":[{"href":"https:\/\/gradhoc.com\/es\/wp-json\/wp\/v2\/media?parent=4523"}],"curies":[{"name":"wp","href":"https:\/\/api.w.org\/{rel}","templated":true}]}}